{"id":91,"date":"2021-12-30T10:47:23","date_gmt":"2021-12-30T09:47:23","guid":{"rendered":"https:\/\/paroledevie.tv\/?page_id=91"},"modified":"2023-05-14T17:28:52","modified_gmt":"2023-05-14T15:28:52","slug":"a-propos","status":"publish","type":"page","link":"https:\/\/paroledevie.tv\/en\/a-propos\/","title":{"rendered":"About us"},"content":{"rendered":"<h1>\n\t\tAbout us\n\t<\/h1>\n<h2>\n\t\tOur vision\n\t<\/h2>\n\t<p>Parole de Vie est une association \u00e0 but non lucratif qui a pour mission d&rsquo;enseigner la parole de vie parce que je sais qu&rsquo;elle aidera les gens. Cela a chang\u00e9 ma vie, et maintenant je suis en mission pour r\u00e9pandre la parole.<\/p>\n<p>Le but de notre association est aussi de r\u00e9colter des fonds pour aider la jeunesse dans le besoin en Afrique. Les services qu&rsquo;elle fournit sont le logement, la nourriture et l&rsquo;\u00e9ducation.<\/p>\n<p>We're here to help you progress, to help you learn how to learn, to be there to advise you when you need it, to support you in difficult times, to motivate you. We're convinced that you can do it.<\/p>\n<p>Lord, teach me to follow you.<\/p>\n<h2>\n\t\tOur Values\n\t<\/h2>\n\t<ul>\n<li>L&rsquo;\u00e2me -&gt; galates 5 :16-26<\/li>\n<li>L&rsquo;\u00e2me sous le contr\u00f4le des Fruits de Dieu<\/li>\n<li>Que le livre de la loi ne se s\u00e9pare pas de tes yeux, lit le jour et nuit. (Vivre, non selon la chair mais selon l&rsquo;esprit de Dieu.)<\/li>\n<li>The practice of good<\/li>\n<li>Les Fruits de l&rsquo;Esprit, c&rsquo;est : L&rsquo;amour, La joie. La paix. La patience. La bont\u00e9, La b\u00e9nignit\u00e9, La fid\u00e9lit\u00e9, La douceur, La temp\u00e9rance.<\/li>\n<li>Je vis et je marche par l&rsquo;Esprit<\/li>\n<li>Se mettre au travail &#8211; Travailler de ses propres mains<\/li>\n<li>Se remettre en question (Est-ce que je suis encore dans l&rsquo;Esprit de Dieu ?)<\/li>\n<li>Je deviens joie (Je vis avec J\u00e9sus-Christ \u00e0 travers sa parole &#8211; Vivre dans la compassion du Christ)<\/li>\n<li>I become goodness<\/li>\n<li>Le petit Christ c&rsquo;est nous<\/li>\n<li>Jesus Christ is love<\/li>\n<li>\u00catre un concitoyen des saints gens de la maison de Dieu &#8211; \u00c9ph\u00e9siens 1 :19-20<\/li>\n<li>\u00catre sauv\u00e9 par la gr\u00e2ce et obtenir le salut par la gr\u00e2ce &#8211; \u00c9ph\u00e9siens 2 :8-10<\/li>\n<\/ul>\n\t<p>Je ne me souviens plus comment j&rsquo;ai d\u00e9couvert la Parole de Vie, ni pourquoi il a r\u00e9sonn\u00e9 en moi si profond\u00e9ment. Tout ce qui comptait, c&rsquo;\u00e9tait le message : enseigner aux gens les le\u00e7ons les plus importantes de la vie parce qu&rsquo;ils ont besoin qu&rsquo;on leur rappelle ce qui compte vraiment ! Et maintenant, dans le cadre de ma mission pour cette organisation, je diffuse leurs messages \u00e0 grande \u00e9chelle afin de m&rsquo;assurer que tout le monde sache exactement o\u00f9 se trouve l&rsquo;espoir quand on est perdu en mer, l&rsquo;\u00e2me vide&#8230;<\/p>\n\t<p>Quand j&rsquo;\u00e9tais jeune, mes parents m&rsquo;ont emmen\u00e9 dans cette \u00e9glise o\u00f9 l&rsquo;on enseignait le salut et comment nous pouvions \u00eatre sauv\u00e9s. Cela m&rsquo;a fait une telle impression que m\u00eame aujourd&rsquo;hui, en tant qu&rsquo;adultes avec des enfants, il n&rsquo;est pas rare que nous y allions encore tous les dimanches ! Une chose que vous remarquerez en franchissant ces portes, c&rsquo;est la chaleur de tous ces gens \u00e0 l&rsquo;int\u00e9rieur qui aiment partager ce que Dieu a fait dans leur vie aussi &#8211; ce qui est logique vu qu&rsquo;il change tout, y compris les relations&#8230; y compris les v\u00f4tres<\/p>\n\t<p>Je sais que nous sommes tous faits de quelque chose. J&rsquo;\u00e9tais comme toi, je marchais dans l&rsquo;obscurit\u00e9 sans savoir ce qui se passait et pourquoi les choses semblaient si injustes, jusqu&rsquo;au jour o\u00f9 un ami m&rsquo;a parl\u00e9 de son exp\u00e9rience du cancer et d&rsquo;une autre personne qui s&rsquo;\u00e9tait suicid\u00e9e juste \u00e0 c\u00f4t\u00e9 de chez lui ; alors tout a chang\u00e9 pour moi parce que maintenant il y a de l&rsquo;espoir ! Je veux que tous ceux qui se sentent perdus ou d\u00e9sesp\u00e9r\u00e9s sachent que ce monde peut parfois \u00eatre cruel, ce qui ne veut pas dire que votre vie n&rsquo;a aucun sens.<\/p>\n<h2>\n\t\tOur team\n\t<\/h2>\n\t\t\t\t<img decoding=\"async\" src=\"https:\/\/paroledevie.tv\/wp-content\/uploads\/2022\/09\/Pasto-Buste-Rond-300x300.png\" alt=\"Pasto Round Bust\" title=\"Pasto Round Bust\" itemprop=\"image\"\/>\n\t\t\t\t \n\t\t<h3>Pasteur Cl\u00e9mentine<\/h3>\nI believe that Jesus Christ is the Lord of my life. He is my VIP (Very Important Person). His presence in my life is essential. He is my Shepherd, my Way, my Truth and my Life.\t\t\t\t\t\n\t\t\t\t<img decoding=\"async\" src=\"https:\/\/paroledevie.tv\/wp-content\/uploads\/2022\/10\/Ben-Iluka-300x300.png\" alt=\"Ben Iluka\" title=\"Ben Iluka\" itemprop=\"image\"\/>\n\t\t\t\t \n\t\t<h3>Pastor Ben Iluka<\/h3>\nI believe that Christ died for our sins and rose again for our justification. Thus, by placing our trust in Him, God gives us by grace the fruit of Christ's merit.\t\t\t\t\t\n\t\t<h3>Georgette Junckel<\/h3>\nMes valeurs et ma vision sont en cours de r\u00e9daction&#8230;\t\t\t\t\t\n\t\t<h3>Yannick Junckel<\/h3>\nMes valeurs et ma vision sont en cours de r\u00e9daction&#8230;\t\t\t\t\t\n\t\t\t\t<img decoding=\"async\" src=\"https:\/\/paroledevie.tv\/wp-content\/uploads\/2022\/09\/Fely-rond-300x300.png\" alt=\"Fely round\" title=\"Fely round\" itemprop=\"image\"\/>\n\t\t\t\t \n\t\t<h3>F\u00e9licit\u00e9 Pouilley<\/h3>\nDonner le meilleur de soi et venir en aide \u00e0 celui qui en a besoin. Vivre dans la compassion et annoncer la parole de Dieu jusqu&rsquo;au extr\u00e9mit\u00e9 de la terre. \u00catre d\u00e9terminer \u00e0 pratiquer le bien et vivre dans l&rsquo;amour.\t\t\t\t\t\n\t\t\t\t<img decoding=\"async\" src=\"https:\/\/paroledevie.tv\/wp-content\/uploads\/2022\/09\/Elisee-Zogo-Rond-300x300.png\" alt=\"Elisee Zogo Rond\" title=\"Elisee Zogo Rond\" itemprop=\"image\"\/>\n\t\t\t\t \n\t\t<h3>Reverend Elys\u00e9e Zogo<\/h3>\nMy values: Integrity, Humility, Courtesy, Work, Excellence, Orthodoxy of the Word. <br \/>\nMes convictions : croyance \u00e0 la Trinit\u00e9, croyance aux cinq dons minist\u00e9riels et aux manifestations des dons de l&rsquo;Esprit, croyance \u00e0 la r\u00e9surrection des saints et \u00e0 l&rsquo;enl\u00e8vement de l&rsquo;\u00c9glise, croyance \u00e0 la vie \u00e9ternelle.\n\t\t<h3>G\u00e9rard Atangana<\/h3>\nMes valeurs et ma vision sont en cours de r\u00e9daction&#8230;\t\t\t\t\t\n\t\t<h3>Madelaine Ngah<\/h3>\nMes valeurs et ma vision sont en cours de r\u00e9daction&#8230;\t\t\t\t\t\n\t\t\t\t<img decoding=\"async\" src=\"https:\/\/paroledevie.tv\/wp-content\/uploads\/2022\/09\/Vincent-rond-300x300.png\" alt=\"Vincent round\" title=\"Vincent round\" itemprop=\"image\"\/>\n\t\t\t\t \n\t\t<h3>Vincent Pouilley<\/h3>\nJe pratique la bont\u00e9, le partage, la bienveillance et un esprit positif dans l&rsquo;amour. J&rsquo;aime apprendre et partager mes nouvelles connaissances.","protected":false},"excerpt":{"rendered":"<p>A propos de nous Notre Vision Parole de Vie est une association \u00e0 but non lucratif qui a pour mission d&rsquo;enseigner la parole de vie parce que je sais qu&rsquo;elle aidera les gens. Cela a chang\u00e9 ma vie, et maintenant je suis en mission pour r\u00e9pandre la parole. Le but de notre association est aussi [&hellip;]<\/p>\n","protected":false},"author":1,"featured_media":0,"parent":0,"menu_order":0,"comment_status":"closed","ping_status":"closed","template":"","meta":{"site-sidebar-layout":"no-sidebar","site-content-layout":"page-builder","ast-site-content-layout":"default","site-content-style":"default","site-sidebar-style":"default","ast-global-header-display":"","ast-banner-title-visibility":"","ast-main-header-display":"","ast-hfb-above-header-display":"","ast-hfb-below-header-display":"","ast-hfb-mobile-header-display":"","site-post-title":"disabled","ast-breadcrumbs-content":"","ast-featured-img":"disabled","footer-sml-layout":"","theme-transparent-header-meta":"","adv-header-id-meta":"","stick-header-meta":"","header-above-stick-meta":"","header-main-stick-meta":"","header-below-stick-meta":"","astra-migrate-meta-layouts":"default","ast-page-background-enabled":"default","ast-page-background-meta":{"desktop":{"background-color":"var(--ast-global-color-4)","background-image":"","background-repeat":"repeat","background-position":"center center","background-size":"auto","background-attachment":"scroll","background-type":"","background-media":"","overlay-type":"","overlay-color":"","overlay-opacity":"","overlay-gradient":""},"tablet":{"background-color":"","background-image":"","background-repeat":"repeat","background-position":"center center","background-size":"auto","background-attachment":"scroll","background-type":"","background-media":"","overlay-type":"","overlay-color":"","overlay-opacity":"","overlay-gradient":""},"mobile":{"background-color":"","background-image":"","background-repeat":"repeat","background-position":"center center","background-size":"auto","background-attachment":"scroll","background-type":"","background-media":"","overlay-type":"","overlay-color":"","overlay-opacity":"","overlay-gradient":""}},"ast-content-background-meta":{"desktop":{"background-color":"var(--ast-global-color-5)","background-image":"","background-repeat":"repeat","background-position":"center center","background-size":"auto","background-attachment":"scroll","background-type":"","background-media":"","overlay-type":"","overlay-color":"","overlay-opacity":"","overlay-gradient":""},"tablet":{"background-color":"var(--ast-global-color-5)","background-image":"","background-repeat":"repeat","background-position":"center center","background-size":"auto","background-attachment":"scroll","background-type":"","background-media":"","overlay-type":"","overlay-color":"","overlay-opacity":"","overlay-gradient":""},"mobile":{"background-color":"var(--ast-global-color-5)","background-image":"","background-repeat":"repeat","background-position":"center center","background-size":"auto","background-attachment":"scroll","background-type":"","background-media":"","overlay-type":"","overlay-color":"","overlay-opacity":"","overlay-gradient":""}},"footnotes":""},"class_list":["post-91","page","type-page","status-publish","hentry"],"aioseo_notices":[],"_links":{"self":[{"href":"https:\/\/paroledevie.tv\/en\/wp-json\/wp\/v2\/pages\/91","targetHints":{"allow":["GET"]}}],"collection":[{"href":"https:\/\/paroledevie.tv\/en\/wp-json\/wp\/v2\/pages"}],"about":[{"href":"https:\/\/paroledevie.tv\/en\/wp-json\/wp\/v2\/types\/page"}],"author":[{"embeddable":true,"href":"https:\/\/paroledevie.tv\/en\/wp-json\/wp\/v2\/users\/1"}],"replies":[{"embeddable":true,"href":"https:\/\/paroledevie.tv\/en\/wp-json\/wp\/v2\/comments?post=91"}],"version-history":[{"count":16,"href":"https:\/\/paroledevie.tv\/en\/wp-json\/wp\/v2\/pages\/91\/revisions"}],"predecessor-version":[{"id":3003,"href":"https:\/\/paroledevie.tv\/en\/wp-json\/wp\/v2\/pages\/91\/revisions\/3003"}],"wp:attachment":[{"href":"https:\/\/paroledevie.tv\/en\/wp-json\/wp\/v2\/media?parent=91"}],"curies":[{"name":"wp","href":"https:\/\/api.w.org\/{rel}","templated":true}]}}