{"id":708,"date":"2022-05-27T14:27:31","date_gmt":"2022-05-27T12:27:31","guid":{"rendered":"https:\/\/paroledevie.tv\/?page_id=708"},"modified":"2022-05-27T14:28:45","modified_gmt":"2022-05-27T12:28:45","slug":"reveil-morning","status":"publish","type":"page","link":"https:\/\/paroledevie.tv\/en\/blog\/reveil-morning\/","title":{"rendered":"R\u00e9veil Morning"},"content":{"rendered":"<h1>\n\t\tR\u00e9veil Morning\n\t<\/h1>\n\t<meta itemscope itemprop=\"mainEntityOfPage\" itemtype=\"https:\/\/schema.org\/WebPage\" itemid=\"https:\/\/paroledevie.tv\/la-bonte-de-leternel\/\" content=\"La Bont\u00e9 de l'\u00c9ternel\" \/><meta itemprop=\"datePublished\" content=\"2022-04-26\" \/><meta itemprop=\"dateModified\" content=\"2022-04-27\" \/><meta itemprop=\"name\" content=\"Parole de Vie\"\/><meta itemprop=\"url\" content=\"https:\/\/paroledevie.tv\/wp-content\/uploads\/2021\/12\/Logo-Parole-de-vie-60-1.png\"\/><meta itemprop=\"url\" content=\"https:\/\/paroledevie.tv\/author\/felicite\/\" \/><meta itemprop=\"name\" content=\"F\u00e9licit\u00e9\" \/><meta itemprop=\"url\" content=\"https:\/\/paroledevie.tv\/wp-content\/uploads\/2022\/04\/20-pexels-wewe-yang-4508643-scaled.jpg\" \/><meta itemprop=\"width\" content=\"2560\" \/><meta itemprop=\"height\" content=\"1920\" \/><meta itemprop=\"interactionType\" content=\"https:\/\/schema.org\/CommentAction\" \/><meta itemprop=\"userInteractionCount\" content=\"0\" \/>\n\t\t\t\t<a href=\"https:\/\/paroledevie.tv\/en\/la-bonte-de-leternel\/\" title=\"The Goodness of the Lord\"><\/a>\n\t\t\t\t\t\t\t\t\t<a href=\"https:\/\/paroledevie.tv\/en\/category\/reveil-morning\/\">R\u00e9veil Morning<\/a>\n\t\t\t\t<h3 itemprop=\"headline\">\n\t\t\t<a href=\"https:\/\/paroledevie.tv\/en\/la-bonte-de-leternel\/\" title=\"The Goodness of the Lord\">The Goodness of the Lord<\/a>\n\t\t<\/h3>\n\t\t\t\t\t\t\t\t\tApril 26, 2022\t\t\t\t\t\t\t\n\t<meta itemscope itemprop=\"mainEntityOfPage\" itemtype=\"https:\/\/schema.org\/WebPage\" itemid=\"https:\/\/paroledevie.tv\/leternel-mon-bouclier\/\" content=\"L'\u00c9ternel, mon bouclier\" \/><meta itemprop=\"datePublished\" content=\"2022-01-06\" \/><meta itemprop=\"dateModified\" content=\"2022-01-06\" \/><meta itemprop=\"name\" content=\"Parole de Vie\"\/><meta itemprop=\"url\" content=\"https:\/\/paroledevie.tv\/wp-content\/uploads\/2021\/12\/Logo-Parole-de-vie-60-1.png\"\/><meta itemprop=\"url\" content=\"https:\/\/paroledevie.tv\/author\/felicite\/\" \/><meta itemprop=\"name\" content=\"F\u00e9licit\u00e9\" \/><meta itemprop=\"url\" content=\"https:\/\/paroledevie.tv\/wp-content\/uploads\/2022\/01\/nature-waters-lake-3082832.jpg\" \/><meta itemprop=\"width\" content=\"1280\" \/><meta itemprop=\"height\" content=\"719\" \/><meta itemprop=\"interactionType\" content=\"https:\/\/schema.org\/CommentAction\" \/><meta itemprop=\"userInteractionCount\" content=\"0\" \/>\n\t\t\t\t<a href=\"https:\/\/paroledevie.tv\/en\/leternel-mon-bouclier\/\" title=\"The Lord is my shield\"><\/a>\n\t\t\t\t\t\t\t\t\t<a href=\"https:\/\/paroledevie.tv\/en\/category\/reveil-morning\/\">R\u00e9veil Morning<\/a>\n\t\t\t\t<h3 itemprop=\"headline\">\n\t\t\t<a href=\"https:\/\/paroledevie.tv\/en\/leternel-mon-bouclier\/\" title=\"The Lord is my shield\">The Lord is my shield<\/a>\n\t\t<\/h3>\n\t\t\t\t\t\t\t\t\tJanuary 6, 2022\t\t\t\t\t\t\t\n\t<meta itemscope itemprop=\"mainEntityOfPage\" itemtype=\"https:\/\/schema.org\/WebPage\" itemid=\"https:\/\/paroledevie.tv\/la-misericorde-de-leternel\/\" content=\"La mis\u00e9ricorde de L'\u00c9ternel\" \/><meta itemprop=\"datePublished\" content=\"2022-01-05\" \/><meta itemprop=\"dateModified\" content=\"2022-01-04\" \/><meta itemprop=\"name\" content=\"Parole de Vie\"\/><meta itemprop=\"url\" content=\"https:\/\/paroledevie.tv\/wp-content\/uploads\/2021\/12\/Logo-Parole-de-vie-60-1.png\"\/><meta itemprop=\"url\" content=\"https:\/\/paroledevie.tv\/author\/felicite\/\" \/><meta itemprop=\"name\" content=\"F\u00e9licit\u00e9\" \/><meta itemprop=\"url\" content=\"https:\/\/paroledevie.tv\/wp-content\/uploads\/2022\/01\/sweden-beach-milky-way-6834164-e1641548259441.jpg\" \/><meta itemprop=\"width\" content=\"854\" \/><meta itemprop=\"height\" content=\"934\" \/><meta itemprop=\"interactionType\" content=\"https:\/\/schema.org\/CommentAction\" \/><meta itemprop=\"userInteractionCount\" content=\"0\" \/>\n\t\t\t\t<a href=\"https:\/\/paroledevie.tv\/en\/leternels-mercy\/\" title=\"The Lord&#039;s mercy\"><\/a>\n\t\t\t\t\t\t\t\t\t<a href=\"https:\/\/paroledevie.tv\/en\/category\/reveil-morning\/\">R\u00e9veil Morning<\/a>\n\t\t\t\t<h3 itemprop=\"headline\">\n\t\t\t<a href=\"https:\/\/paroledevie.tv\/en\/leternels-mercy\/\" title=\"The Lord&#039;s mercy\">The Lord's mercy<\/a>\n\t\t<\/h3>\n\t\t\t\t\t\t\t\t\tJanuary 5, 2022\t\t\t\t\t\t\t\n\t<meta itemscope itemprop=\"mainEntityOfPage\" itemtype=\"https:\/\/schema.org\/WebPage\" itemid=\"https:\/\/paroledevie.tv\/mes-5-minutes-avec-ma-bible\/\" content=\"Mes 5 minutes avec ma Bible\" \/><meta itemprop=\"datePublished\" content=\"2021-12-31\" \/><meta itemprop=\"dateModified\" content=\"2022-05-27\" \/><meta itemprop=\"name\" content=\"Parole de Vie\"\/><meta itemprop=\"url\" content=\"https:\/\/paroledevie.tv\/wp-content\/uploads\/2021\/12\/Logo-Parole-de-vie-60-1.png\"\/><meta itemprop=\"url\" content=\"https:\/\/paroledevie.tv\/author\/felicite\/\" \/><meta itemprop=\"name\" content=\"F\u00e9licit\u00e9\" \/><meta itemprop=\"url\" content=\"https:\/\/paroledevie.tv\/wp-content\/uploads\/2021\/12\/des-pierres-superposee-le-calme-5-minutes-le-matin.jpg\" \/><meta itemprop=\"width\" content=\"1280\" \/><meta itemprop=\"height\" content=\"778\" \/><meta itemprop=\"interactionType\" content=\"https:\/\/schema.org\/CommentAction\" \/><meta itemprop=\"userInteractionCount\" content=\"0\" \/>\n\t\t\t\t<a href=\"https:\/\/paroledevie.tv\/en\/my-5-minutes-with-my-bible\/\" title=\"My 5 minutes with my Bible\"><\/a>\n\t\t\t\t\t\t\t\t\t<a href=\"https:\/\/paroledevie.tv\/en\/category\/reveil-morning\/\">R\u00e9veil Morning<\/a>\n\t\t\t\t<h3 itemprop=\"headline\">\n\t\t\t<a href=\"https:\/\/paroledevie.tv\/en\/my-5-minutes-with-my-bible\/\" title=\"My 5 minutes with my Bible\">My 5 minutes with my Bible<\/a>\n\t\t<\/h3>\n\t\t\t\t\t\t\t\t\tDecember 31, 2021\t\t\t\t\t\t\t\n\t\t<!-- .pp-content-posts -->","protected":false},"excerpt":{"rendered":"<p>R\u00e9veil Morning R\u00e9veil Morning La Bont\u00e9 de l'\u00c9ternel April 26, 2022 R\u00e9veil Morning L'\u00c9ternel, mon bouclier January 6, 2022 R\u00e9veil Morning La mis\u00e9ricorde de L'\u00c9ternel January 5, 2022 R\u00e9veil Morning Mes 5 minutes avec ma Bible December 31, 2021<\/p>","protected":false},"author":1,"featured_media":0,"parent":662,"menu_order":0,"comment_status":"closed","ping_status":"closed","template":"","meta":{"site-sidebar-layout":"right-sidebar","site-content-layout":"page-builder","ast-site-content-layout":"default","site-content-style":"default","site-sidebar-style":"default","ast-global-header-display":"","ast-banner-title-visibility":"","ast-main-header-display":"","ast-hfb-above-header-display":"","ast-hfb-below-header-display":"","ast-hfb-mobile-header-display":"","site-post-title":"disabled","ast-breadcrumbs-content":"","ast-featured-img":"","footer-sml-layout":"","theme-transparent-header-meta":"","adv-header-id-meta":"","stick-header-meta":"","header-above-stick-meta":"","header-main-stick-meta":"","header-below-stick-meta":"","astra-migrate-meta-layouts":"default","ast-page-background-enabled":"default","ast-page-background-meta":{"desktop":{"background-color":"var(--ast-global-color-4)","background-image":"","background-repeat":"repeat","background-position":"center center","background-size":"auto","background-attachment":"scroll","background-type":"","background-media":"","overlay-type":"","overlay-color":"","overlay-opacity":"","overlay-gradient":""},"tablet":{"background-color":"","background-image":"","background-repeat":"repeat","background-position":"center center","background-size":"auto","background-attachment":"scroll","background-type":"","background-media":"","overlay-type":"","overlay-color":"","overlay-opacity":"","overlay-gradient":""},"mobile":{"background-color":"","background-image":"","background-repeat":"repeat","background-position":"center center","background-size":"auto","background-attachment":"scroll","background-type":"","background-media":"","overlay-type":"","overlay-color":"","overlay-opacity":"","overlay-gradient":""}},"ast-content-background-meta":{"desktop":{"background-color":"var(--ast-global-color-5)","background-image":"","background-repeat":"repeat","background-position":"center center","background-size":"auto","background-attachment":"scroll","background-type":"","background-media":"","overlay-type":"","overlay-color":"","overlay-opacity":"","overlay-gradient":""},"tablet":{"background-color":"var(--ast-global-color-5)","background-image":"","background-repeat":"repeat","background-position":"center center","background-size":"auto","background-attachment":"scroll","background-type":"","background-media":"","overlay-type":"","overlay-color":"","overlay-opacity":"","overlay-gradient":""},"mobile":{"background-color":"var(--ast-global-color-5)","background-image":"","background-repeat":"repeat","background-position":"center center","background-size":"auto","background-attachment":"scroll","background-type":"","background-media":"","overlay-type":"","overlay-color":"","overlay-opacity":"","overlay-gradient":""}},"footnotes":""},"class_list":["post-708","page","type-page","status-publish","hentry"],"aioseo_notices":[],"_links":{"self":[{"href":"https:\/\/paroledevie.tv\/en\/wp-json\/wp\/v2\/pages\/708","targetHints":{"allow":["GET"]}}],"collection":[{"href":"https:\/\/paroledevie.tv\/en\/wp-json\/wp\/v2\/pages"}],"about":[{"href":"https:\/\/paroledevie.tv\/en\/wp-json\/wp\/v2\/types\/page"}],"author":[{"embeddable":true,"href":"https:\/\/paroledevie.tv\/en\/wp-json\/wp\/v2\/users\/1"}],"replies":[{"embeddable":true,"href":"https:\/\/paroledevie.tv\/en\/wp-json\/wp\/v2\/comments?post=708"}],"version-history":[{"count":2,"href":"https:\/\/paroledevie.tv\/en\/wp-json\/wp\/v2\/pages\/708\/revisions"}],"predecessor-version":[{"id":710,"href":"https:\/\/paroledevie.tv\/en\/wp-json\/wp\/v2\/pages\/708\/revisions\/710"}],"up":[{"embeddable":true,"href":"https:\/\/paroledevie.tv\/en\/wp-json\/wp\/v2\/pages\/662"}],"wp:attachment":[{"href":"https:\/\/paroledevie.tv\/en\/wp-json\/wp\/v2\/media?parent=708"}],"curies":[{"name":"wp","href":"https:\/\/api.w.org\/{rel}","templated":true}]}}