{"id":705,"date":"2022-05-27T14:25:25","date_gmt":"2022-05-27T12:25:25","guid":{"rendered":"https:\/\/paroledevie.tv\/?page_id=705"},"modified":"2022-05-27T14:26:30","modified_gmt":"2022-05-27T12:26:30","slug":"christian-magazine","status":"publish","type":"page","link":"https:\/\/paroledevie.tv\/en\/blog\/christian-magazine\/","title":{"rendered":"Chr\u00e9tien magazine"},"content":{"rendered":"<h1>\n\t\tChr\u00e9tien magazine\n\t<\/h1>\n\t<meta itemscope itemprop=\"mainEntityOfPage\" itemtype=\"https:\/\/schema.org\/WebPage\" itemid=\"https:\/\/paroledevie.tv\/dieu-mon-aide\/\" content=\"Dieu mon Aide\" \/><meta itemprop=\"datePublished\" content=\"2022-05-26\" \/><meta itemprop=\"dateModified\" content=\"2022-05-26\" \/><meta itemprop=\"name\" content=\"Parole de Vie\"\/><meta itemprop=\"url\" content=\"https:\/\/paroledevie.tv\/wp-content\/uploads\/2021\/12\/Logo-Parole-de-vie-60-1.png\"\/><meta itemprop=\"url\" content=\"https:\/\/paroledevie.tv\/author\/felicite\/\" \/><meta itemprop=\"name\" content=\"F\u00e9licit\u00e9\" \/><meta itemprop=\"url\" content=\"https:\/\/paroledevie.tv\/wp-content\/uploads\/2022\/05\/pexels-monstera-5997003-scaled.jpg\" \/><meta itemprop=\"width\" content=\"2560\" \/><meta itemprop=\"height\" content=\"1707\" \/><meta itemprop=\"interactionType\" content=\"https:\/\/schema.org\/CommentAction\" \/><meta itemprop=\"userInteractionCount\" content=\"0\" \/>\n\t\t\t\t<a href=\"https:\/\/paroledevie.tv\/en\/god-my-helper\/\" title=\"God my Help\"><\/a>\n\t\t\t\t\t\t\t\t\t<a href=\"https:\/\/paroledevie.tv\/en\/category\/christian-magazine\/\">Chr\u00e9tien magazine<\/a>\n\t\t\t\t<h3 itemprop=\"headline\">\n\t\t\t<a href=\"https:\/\/paroledevie.tv\/en\/god-my-helper\/\" title=\"God my Help\">God my Help<\/a>\n\t\t<\/h3>\n\t\t\t\t\t\t\t\t\tMay 26, 2022\t\t\t\t\t\t\t\n\t<meta itemscope itemprop=\"mainEntityOfPage\" itemtype=\"https:\/\/schema.org\/WebPage\" itemid=\"https:\/\/paroledevie.tv\/lhospitalite-sauvee\/\" content=\"L&rsquo;Hospitalit\u00e9 Sauv\u00e9e\" \/><meta itemprop=\"datePublished\" content=\"2022-05-25\" \/><meta itemprop=\"dateModified\" content=\"2022-05-26\" \/><meta itemprop=\"name\" content=\"Parole de Vie\"\/><meta itemprop=\"url\" content=\"https:\/\/paroledevie.tv\/wp-content\/uploads\/2021\/12\/Logo-Parole-de-vie-60-1.png\"\/><meta itemprop=\"url\" content=\"https:\/\/paroledevie.tv\/author\/felicite\/\" \/><meta itemprop=\"name\" content=\"F\u00e9licit\u00e9\" \/><meta itemprop=\"url\" content=\"https:\/\/paroledevie.tv\/wp-content\/uploads\/2022\/05\/pexels-curtis-adams-4030027-scaled.jpg\" \/><meta itemprop=\"width\" content=\"2560\" \/><meta itemprop=\"height\" content=\"1706\" \/><meta itemprop=\"interactionType\" content=\"https:\/\/schema.org\/CommentAction\" \/><meta itemprop=\"userInteractionCount\" content=\"0\" \/>\n\t\t\t\t<a href=\"https:\/\/paroledevie.tv\/en\/hospitality-saved\/\" title=\"Hospitality Saved\"><\/a>\n\t\t\t\t\t\t\t\t\t<a href=\"https:\/\/paroledevie.tv\/en\/category\/christian-magazine\/\">Chr\u00e9tien magazine<\/a>\n\t\t\t\t<h3 itemprop=\"headline\">\n\t\t\t<a href=\"https:\/\/paroledevie.tv\/en\/hospitality-saved\/\" title=\"Hospitality Saved\">Hospitality Saved<\/a>\n\t\t<\/h3>\n\t\t\t\t\t\t\t\t\tMay 25, 2022\t\t\t\t\t\t\t\n\t<meta itemscope itemprop=\"mainEntityOfPage\" itemtype=\"https:\/\/schema.org\/WebPage\" itemid=\"https:\/\/paroledevie.tv\/jesus-christ-est-ma-justification\/\" content=\"J\u00e9sus Christ est ma Justification\" \/><meta itemprop=\"datePublished\" content=\"2022-05-06\" \/><meta itemprop=\"dateModified\" content=\"2022-05-07\" \/><meta itemprop=\"name\" content=\"Parole de Vie\"\/><meta itemprop=\"url\" content=\"https:\/\/paroledevie.tv\/wp-content\/uploads\/2021\/12\/Logo-Parole-de-vie-60-1.png\"\/><meta itemprop=\"url\" content=\"https:\/\/paroledevie.tv\/author\/felicite\/\" \/><meta itemprop=\"name\" content=\"F\u00e9licit\u00e9\" \/><meta itemprop=\"url\" content=\"https:\/\/paroledevie.tv\/wp-content\/uploads\/2022\/04\/12-pexels-david-dibert-635699-scaled.jpg\" \/><meta itemprop=\"width\" content=\"2560\" \/><meta itemprop=\"height\" content=\"1707\" \/><meta itemprop=\"interactionType\" content=\"https:\/\/schema.org\/CommentAction\" \/><meta itemprop=\"userInteractionCount\" content=\"0\" \/>\n\t\t\t\t<a href=\"https:\/\/paroledevie.tv\/en\/jesus-christ-is-my-justification\/\" title=\"Jesus Christ is my Justification\"><\/a>\n\t\t\t\t\t\t\t\t\t<a href=\"https:\/\/paroledevie.tv\/en\/category\/christian-magazine\/\">Chr\u00e9tien magazine<\/a>\n\t\t\t\t<h3 itemprop=\"headline\">\n\t\t\t<a href=\"https:\/\/paroledevie.tv\/en\/jesus-christ-is-my-justification\/\" title=\"Jesus Christ is my Justification\">Jesus Christ is my Justification<\/a>\n\t\t<\/h3>\n\t\t\t\t\t\t\t\t\tMay 6, 2022\t\t\t\t\t\t\t\n\t<meta itemscope itemprop=\"mainEntityOfPage\" itemtype=\"https:\/\/schema.org\/WebPage\" itemid=\"https:\/\/paroledevie.tv\/comment-guerir-de-lesprit-blesse\/\" content=\"Comment Gu\u00e9rir de l'esprit Bless\u00e9 ?\" \/><meta itemprop=\"datePublished\" content=\"2022-05-05\" \/><meta itemprop=\"dateModified\" content=\"2022-05-05\" \/><meta itemprop=\"name\" content=\"Parole de Vie\"\/><meta itemprop=\"url\" content=\"https:\/\/paroledevie.tv\/wp-content\/uploads\/2021\/12\/Logo-Parole-de-vie-60-1.png\"\/><meta itemprop=\"url\" content=\"https:\/\/paroledevie.tv\/author\/felicite\/\" \/><meta itemprop=\"name\" content=\"F\u00e9licit\u00e9\" \/><meta itemprop=\"url\" content=\"https:\/\/paroledevie.tv\/wp-content\/uploads\/2022\/05\/01-pexels-los-muertos-crew-8391369.jpg\" \/><meta itemprop=\"width\" content=\"7818\" \/><meta itemprop=\"height\" content=\"5215\" \/><meta itemprop=\"interactionType\" content=\"https:\/\/schema.org\/CommentAction\" \/><meta itemprop=\"userInteractionCount\" content=\"0\" \/>\n\t\t\t\t<a href=\"https:\/\/paroledevie.tv\/en\/how-to-heal-a-wounded-spirit\/\" title=\"How to heal a wounded mind?\"><\/a>\n\t\t\t\t\t\t\t\t\t<a href=\"https:\/\/paroledevie.tv\/en\/category\/christian-magazine\/\">Chr\u00e9tien magazine<\/a>\n\t\t\t\t<h3 itemprop=\"headline\">\n\t\t\t<a href=\"https:\/\/paroledevie.tv\/en\/how-to-heal-a-wounded-spirit\/\" title=\"How to heal a wounded mind?\">How to heal a wounded mind?<\/a>\n\t\t<\/h3>\n\t\t\t\t\t\t\t\t\tMay 5, 2022\t\t\t\t\t\t\t\n\t<meta itemscope itemprop=\"mainEntityOfPage\" itemtype=\"https:\/\/schema.org\/WebPage\" itemid=\"https:\/\/paroledevie.tv\/joyeuse-paques\/\" content=\"Joyeuse P\u00e2ques\u00a0!\" \/><meta itemprop=\"datePublished\" content=\"2022-04-19\" \/><meta itemprop=\"dateModified\" content=\"2022-04-19\" \/><meta itemprop=\"name\" content=\"Parole de Vie\"\/><meta itemprop=\"url\" content=\"https:\/\/paroledevie.tv\/wp-content\/uploads\/2021\/12\/Logo-Parole-de-vie-60-1.png\"\/><meta itemprop=\"url\" content=\"https:\/\/paroledevie.tv\/author\/felicite\/\" \/><meta itemprop=\"name\" content=\"F\u00e9licit\u00e9\" \/><meta itemprop=\"url\" content=\"https:\/\/paroledevie.tv\/wp-content\/uploads\/2022\/04\/13-pexels-pixabay-161188-scaled.jpg\" \/><meta itemprop=\"width\" content=\"2560\" \/><meta itemprop=\"height\" content=\"852\" \/><meta itemprop=\"interactionType\" content=\"https:\/\/schema.org\/CommentAction\" \/><meta itemprop=\"userInteractionCount\" content=\"0\" \/>\n\t\t\t\t<a href=\"https:\/\/paroledevie.tv\/en\/happy-easter\/\" title=\"Happy Easter!\"><\/a>\n\t\t\t\t\t\t\t\t\t<a href=\"https:\/\/paroledevie.tv\/en\/category\/christian-magazine\/\">Chr\u00e9tien magazine<\/a>\n\t\t\t\t<h3 itemprop=\"headline\">\n\t\t\t<a href=\"https:\/\/paroledevie.tv\/en\/happy-easter\/\" title=\"Happy Easter!\">Happy Easter!<\/a>\n\t\t<\/h3>\n\t\t\t\t\t\t\t\t\tApril 19, 2022\t\t\t\t\t\t\t\n\t<meta itemscope itemprop=\"mainEntityOfPage\" itemtype=\"https:\/\/schema.org\/WebPage\" itemid=\"https:\/\/paroledevie.tv\/tu-es-appele-a-communiquer-la-vie\/\" content=\"Tu es appel\u00e9 \u00e0 communiquer la Vie\u00a0!\" \/><meta itemprop=\"datePublished\" content=\"2022-03-29\" \/><meta itemprop=\"dateModified\" content=\"2022-03-29\" \/><meta itemprop=\"name\" content=\"Parole de Vie\"\/><meta itemprop=\"url\" content=\"https:\/\/paroledevie.tv\/wp-content\/uploads\/2021\/12\/Logo-Parole-de-vie-60-1.png\"\/><meta itemprop=\"url\" content=\"https:\/\/paroledevie.tv\/author\/felicite\/\" \/><meta itemprop=\"name\" content=\"F\u00e9licit\u00e9\" \/><meta itemprop=\"url\" content=\"https:\/\/paroledevie.tv\/wp-content\/uploads\/2022\/03\/plante-pexels-david-alberto-carmona-coto-1151418-scaled.jpg\" \/><meta itemprop=\"width\" content=\"2560\" \/><meta itemprop=\"height\" content=\"1707\" \/><meta itemprop=\"interactionType\" content=\"https:\/\/schema.org\/CommentAction\" \/><meta itemprop=\"userInteractionCount\" content=\"0\" \/>\n\t\t\t\t<a href=\"https:\/\/paroledevie.tv\/en\/you-are-called-to-communicate-life\/\" title=\"You are called to communicate Life!\"><\/a>\n\t\t\t\t\t\t\t\t\t<a href=\"https:\/\/paroledevie.tv\/en\/category\/christian-magazine\/\">Chr\u00e9tien magazine<\/a>\n\t\t\t\t<h3 itemprop=\"headline\">\n\t\t\t<a href=\"https:\/\/paroledevie.tv\/en\/you-are-called-to-communicate-life\/\" title=\"You are called to communicate Life!\">You are called to communicate Life!<\/a>\n\t\t<\/h3>\n\t\t\t\t\t\t\t\t\tMarch 29, 2022\t\t\t\t\t\t\t\n\t<meta itemscope itemprop=\"mainEntityOfPage\" itemtype=\"https:\/\/schema.org\/WebPage\" itemid=\"https:\/\/paroledevie.tv\/pense-a-te-mettre-en-retrait\/\" content=\"Pense \u00e0 te mettre en Retrait\u00a0!\" \/><meta itemprop=\"datePublished\" content=\"2022-03-10\" \/><meta itemprop=\"dateModified\" content=\"2022-05-26\" \/><meta itemprop=\"name\" content=\"Parole de Vie\"\/><meta itemprop=\"url\" content=\"https:\/\/paroledevie.tv\/wp-content\/uploads\/2021\/12\/Logo-Parole-de-vie-60-1.png\"\/><meta itemprop=\"url\" content=\"https:\/\/paroledevie.tv\/author\/felicite\/\" \/><meta itemprop=\"name\" content=\"F\u00e9licit\u00e9\" \/><meta itemprop=\"url\" content=\"https:\/\/paroledevie.tv\/wp-content\/uploads\/2022\/03\/tree-park-bench-autumn-6792528.jpg\" \/><meta itemprop=\"width\" content=\"1280\" \/><meta itemprop=\"height\" content=\"853\" \/><meta itemprop=\"interactionType\" content=\"https:\/\/schema.org\/CommentAction\" \/><meta itemprop=\"userInteractionCount\" content=\"0\" \/>\n\t\t\t\t<a href=\"https:\/\/paroledevie.tv\/en\/think-about-taking-a-step-back\/\" title=\"Don&#039;t forget to opt out!\"><\/a>\n\t\t\t\t\t\t\t\t\t<a href=\"https:\/\/paroledevie.tv\/en\/category\/christian-magazine\/\">Chr\u00e9tien magazine<\/a>\n\t\t\t\t<h3 itemprop=\"headline\">\n\t\t\t<a href=\"https:\/\/paroledevie.tv\/en\/think-about-taking-a-step-back\/\" title=\"Don&#039;t forget to opt out!\">Don't forget to opt out!<\/a>\n\t\t<\/h3>\n\t\t\t\t\t\t\t\t\tMarch 10, 2022\t\t\t\t\t\t\t\n\t<meta itemscope itemprop=\"mainEntityOfPage\" itemtype=\"https:\/\/schema.org\/WebPage\" itemid=\"https:\/\/paroledevie.tv\/dieu-veut-batir-avec-nous\/\" content=\"Dieu veut B\u00e2tir avec Nous\" \/><meta itemprop=\"datePublished\" content=\"2022-03-09\" \/><meta itemprop=\"dateModified\" content=\"2022-03-09\" \/><meta itemprop=\"name\" content=\"Parole de Vie\"\/><meta itemprop=\"url\" content=\"https:\/\/paroledevie.tv\/wp-content\/uploads\/2021\/12\/Logo-Parole-de-vie-60-1.png\"\/><meta itemprop=\"url\" content=\"https:\/\/paroledevie.tv\/author\/felicite\/\" \/><meta itemprop=\"name\" content=\"F\u00e9licit\u00e9\" \/><meta itemprop=\"url\" content=\"https:\/\/paroledevie.tv\/wp-content\/uploads\/2022\/03\/bras-pexels-tima-miroshnichenko-5199754-scaled.jpg\" \/><meta itemprop=\"width\" content=\"1707\" \/><meta itemprop=\"height\" content=\"2560\" \/><meta itemprop=\"interactionType\" content=\"https:\/\/schema.org\/CommentAction\" \/><meta itemprop=\"userInteractionCount\" content=\"0\" \/>\n\t\t\t\t<a href=\"https:\/\/paroledevie.tv\/en\/god-wants-to-build-with-us\/\" title=\"God wants to build with us\"><\/a>\n\t\t\t\t\t\t\t\t\t<a href=\"https:\/\/paroledevie.tv\/en\/category\/christian-magazine\/\">Chr\u00e9tien magazine<\/a>\n\t\t\t\t<h3 itemprop=\"headline\">\n\t\t\t<a href=\"https:\/\/paroledevie.tv\/en\/god-wants-to-build-with-us\/\" title=\"God wants to build with us\">God wants to build with us<\/a>\n\t\t<\/h3>\n\t\t\t\t\t\t\t\t\tMarch 9, 2022\t\t\t\t\t\t\t\n\t<meta itemscope itemprop=\"mainEntityOfPage\" itemtype=\"https:\/\/schema.org\/WebPage\" itemid=\"https:\/\/paroledevie.tv\/la-restauration-ou-authentification-par-la-foi\/\" content=\"La Restauration ou Authentification par la Foi\" \/><meta itemprop=\"datePublished\" content=\"2022-01-06\" \/><meta itemprop=\"dateModified\" content=\"2022-01-06\" \/><meta itemprop=\"name\" content=\"Parole de Vie\"\/><meta itemprop=\"url\" content=\"https:\/\/paroledevie.tv\/wp-content\/uploads\/2021\/12\/Logo-Parole-de-vie-60-1.png\"\/><meta itemprop=\"url\" content=\"https:\/\/paroledevie.tv\/author\/felicite\/\" \/><meta itemprop=\"name\" content=\"F\u00e9licit\u00e9\" \/><meta itemprop=\"url\" content=\"https:\/\/paroledevie.tv\/wp-content\/uploads\/2022\/01\/orange-gull-cepora-judith-thailand-6594958.jpg\" \/><meta itemprop=\"width\" content=\"1280\" \/><meta itemprop=\"height\" content=\"884\" \/><meta itemprop=\"interactionType\" content=\"https:\/\/schema.org\/CommentAction\" \/><meta itemprop=\"userInteractionCount\" content=\"0\" \/>\n\t\t\t\t<a href=\"https:\/\/paroledevie.tv\/en\/restoration-or-authentication-by-faith\/\" title=\"Restoration or Authentication through Faith\"><\/a>\n\t\t\t\t\t\t\t\t\t<a href=\"https:\/\/paroledevie.tv\/en\/category\/christian-magazine\/\">Chr\u00e9tien magazine<\/a>\n\t\t\t\t<h3 itemprop=\"headline\">\n\t\t\t<a href=\"https:\/\/paroledevie.tv\/en\/restoration-or-authentication-by-faith\/\" title=\"Restoration or Authentication through Faith\">Restoration or Authentication through Faith<\/a>\n\t\t<\/h3>\n\t\t\t\t\t\t\t\t\tJanuary 6, 2022\t\t\t\t\t\t\t\n\t<meta itemscope itemprop=\"mainEntityOfPage\" itemtype=\"https:\/\/schema.org\/WebPage\" itemid=\"https:\/\/paroledevie.tv\/connaitre-jesus-christ\/\" content=\"Connaitre J\u00e9sus-Christ\" \/><meta itemprop=\"datePublished\" content=\"2022-01-03\" \/><meta itemprop=\"dateModified\" content=\"2022-01-03\" \/><meta itemprop=\"name\" content=\"Parole de Vie\"\/><meta itemprop=\"url\" content=\"https:\/\/paroledevie.tv\/wp-content\/uploads\/2021\/12\/Logo-Parole-de-vie-60-1.png\"\/><meta itemprop=\"url\" content=\"https:\/\/paroledevie.tv\/author\/felicite\/\" \/><meta itemprop=\"name\" content=\"F\u00e9licit\u00e9\" \/><meta itemprop=\"url\" content=\"https:\/\/paroledevie.tv\/wp-content\/uploads\/2022\/01\/Chute-deau-e1641548448528.jpg\" \/><meta itemprop=\"width\" content=\"1279\" \/><meta itemprop=\"height\" content=\"1360\" \/><meta itemprop=\"interactionType\" content=\"https:\/\/schema.org\/CommentAction\" \/><meta itemprop=\"userInteractionCount\" content=\"0\" \/>\n\t\t\t\t<a href=\"https:\/\/paroledevie.tv\/en\/getting-to-know-jesus-christ\/\" title=\"Knowing Jesus Christ\"><\/a>\n\t\t\t\t\t\t\t\t\t<a href=\"https:\/\/paroledevie.tv\/en\/category\/christian-magazine\/\">Chr\u00e9tien magazine<\/a>\n\t\t\t\t<h3 itemprop=\"headline\">\n\t\t\t<a href=\"https:\/\/paroledevie.tv\/en\/getting-to-know-jesus-christ\/\" title=\"Knowing Jesus Christ\">Knowing Jesus Christ<\/a>\n\t\t<\/h3>\n\t\t\t\t\t\t\t\t\tJanuary 3, 2022\t\t\t\t\t\t\t\n\t\t<!-- .pp-content-posts -->","protected":false},"excerpt":{"rendered":"<p>Magazine Chr\u00e9tien Magazine Chr\u00e9tien Dieu mon Aide 26 mai 2022 Magazine Chr\u00e9tien L&rsquo;Hospitalit\u00e9 Sauv\u00e9e 25 mai 2022 Magazine Chr\u00e9tien J\u00e9sus Christ est ma Justification 6 mai 2022 Magazine Chr\u00e9tien Comment Gu\u00e9rir de l&rsquo;esprit Bless\u00e9 ? 5 mai 2022 Magazine Chr\u00e9tien Joyeuse P\u00e2ques\u00a0! 19 avril 2022 Magazine Chr\u00e9tien Tu es appel\u00e9 \u00e0 communiquer la Vie\u00a0! 29 [&hellip;]<\/p>\n","protected":false},"author":1,"featured_media":0,"parent":662,"menu_order":0,"comment_status":"closed","ping_status":"closed","template":"","meta":{"site-sidebar-layout":"right-sidebar","site-content-layout":"page-builder","ast-site-content-layout":"default","site-content-style":"default","site-sidebar-style":"default","ast-global-header-display":"","ast-banner-title-visibility":"","ast-main-header-display":"","ast-hfb-above-header-display":"","ast-hfb-below-header-display":"","ast-hfb-mobile-header-display":"","site-post-title":"disabled","ast-breadcrumbs-content":"","ast-featured-img":"","footer-sml-layout":"","theme-transparent-header-meta":"","adv-header-id-meta":"","stick-header-meta":"","header-above-stick-meta":"","header-main-stick-meta":"","header-below-stick-meta":"","astra-migrate-meta-layouts":"default","ast-page-background-enabled":"default","ast-page-background-meta":{"desktop":{"background-color":"var(--ast-global-color-4)","background-image":"","background-repeat":"repeat","background-position":"center center","background-size":"auto","background-attachment":"scroll","background-type":"","background-media":"","overlay-type":"","overlay-color":"","overlay-opacity":"","overlay-gradient":""},"tablet":{"background-color":"","background-image":"","background-repeat":"repeat","background-position":"center center","background-size":"auto","background-attachment":"scroll","background-type":"","background-media":"","overlay-type":"","overlay-color":"","overlay-opacity":"","overlay-gradient":""},"mobile":{"background-color":"","background-image":"","background-repeat":"repeat","background-position":"center center","background-size":"auto","background-attachment":"scroll","background-type":"","background-media":"","overlay-type":"","overlay-color":"","overlay-opacity":"","overlay-gradient":""}},"ast-content-background-meta":{"desktop":{"background-color":"var(--ast-global-color-5)","background-image":"","background-repeat":"repeat","background-position":"center center","background-size":"auto","background-attachment":"scroll","background-type":"","background-media":"","overlay-type":"","overlay-color":"","overlay-opacity":"","overlay-gradient":""},"tablet":{"background-color":"var(--ast-global-color-5)","background-image":"","background-repeat":"repeat","background-position":"center center","background-size":"auto","background-attachment":"scroll","background-type":"","background-media":"","overlay-type":"","overlay-color":"","overlay-opacity":"","overlay-gradient":""},"mobile":{"background-color":"var(--ast-global-color-5)","background-image":"","background-repeat":"repeat","background-position":"center center","background-size":"auto","background-attachment":"scroll","background-type":"","background-media":"","overlay-type":"","overlay-color":"","overlay-opacity":"","overlay-gradient":""}},"footnotes":""},"class_list":["post-705","page","type-page","status-publish","hentry"],"aioseo_notices":[],"_links":{"self":[{"href":"https:\/\/paroledevie.tv\/en\/wp-json\/wp\/v2\/pages\/705","targetHints":{"allow":["GET"]}}],"collection":[{"href":"https:\/\/paroledevie.tv\/en\/wp-json\/wp\/v2\/pages"}],"about":[{"href":"https:\/\/paroledevie.tv\/en\/wp-json\/wp\/v2\/types\/page"}],"author":[{"embeddable":true,"href":"https:\/\/paroledevie.tv\/en\/wp-json\/wp\/v2\/users\/1"}],"replies":[{"embeddable":true,"href":"https:\/\/paroledevie.tv\/en\/wp-json\/wp\/v2\/comments?post=705"}],"version-history":[{"count":2,"href":"https:\/\/paroledevie.tv\/en\/wp-json\/wp\/v2\/pages\/705\/revisions"}],"predecessor-version":[{"id":707,"href":"https:\/\/paroledevie.tv\/en\/wp-json\/wp\/v2\/pages\/705\/revisions\/707"}],"up":[{"embeddable":true,"href":"https:\/\/paroledevie.tv\/en\/wp-json\/wp\/v2\/pages\/662"}],"wp:attachment":[{"href":"https:\/\/paroledevie.tv\/en\/wp-json\/wp\/v2\/media?parent=705"}],"curies":[{"name":"wp","href":"https:\/\/api.w.org\/{rel}","templated":true}]}}