{"id":702,"date":"2022-05-27T14:23:38","date_gmt":"2022-05-27T12:23:38","guid":{"rendered":"https:\/\/paroledevie.tv\/?page_id=702"},"modified":"2022-05-27T14:24:41","modified_gmt":"2022-05-27T12:24:41","slug":"my-story","status":"publish","type":"page","link":"https:\/\/paroledevie.tv\/en\/blog\/my-story\/","title":{"rendered":"My Story"},"content":{"rendered":"<h1>\n\t\tMy Story\n\t<\/h1>\n\t<meta itemscope itemprop=\"mainEntityOfPage\" itemtype=\"https:\/\/schema.org\/WebPage\" itemid=\"https:\/\/paroledevie.tv\/la-parole-de-dieu-est-efficace-temoignage\/\" content=\"La Parole de Dieu est efficace &#8211; T\u00e9moignage\" \/><meta itemprop=\"datePublished\" content=\"2022-03-04\" \/><meta itemprop=\"dateModified\" content=\"2022-03-04\" \/><meta itemprop=\"name\" content=\"Parole de Vie\"\/><meta itemprop=\"url\" content=\"https:\/\/paroledevie.tv\/wp-content\/uploads\/2021\/12\/Logo-Parole-de-vie-60-1.png\"\/><meta itemprop=\"url\" content=\"https:\/\/paroledevie.tv\/author\/felicite\/\" \/><meta itemprop=\"name\" content=\"F\u00e9licit\u00e9\" \/><meta itemprop=\"url\" content=\"https:\/\/paroledevie.tv\/wp-content\/uploads\/2022\/01\/book-bible-text-2073023.jpg\" \/><meta itemprop=\"width\" content=\"1280\" \/><meta itemprop=\"height\" content=\"673\" \/><meta itemprop=\"interactionType\" content=\"https:\/\/schema.org\/CommentAction\" \/><meta itemprop=\"userInteractionCount\" content=\"1\" \/>\n\t\t\t\t<a href=\"https:\/\/paroledevie.tv\/en\/the-word-of-god-is-effective-testimony\/\" title=\"The Word of God is effective - Testimony\"><\/a>\n\t\t\t\t\t\t\t\t\t<a href=\"https:\/\/paroledevie.tv\/en\/category\/my-story\/\">My Story<\/a>\n\t\t\t\t<h3 itemprop=\"headline\">\n\t\t\t<a href=\"https:\/\/paroledevie.tv\/en\/the-word-of-god-is-effective-testimony\/\" title=\"The Word of God is effective - Testimony\">The Word of God is effective - Testimony<\/a>\n\t\t<\/h3>\n\t\t\t\t\t\t\t\t\tMarch 4, 2022\t\t\t\t\t\t\t\n\t<meta itemscope itemprop=\"mainEntityOfPage\" itemtype=\"https:\/\/schema.org\/WebPage\" itemid=\"https:\/\/paroledevie.tv\/jai-choisi-le-seigneur-temoignage\/\" content=\"J'ai choisi le Seigneur - T\u00e9moignage\" \/><meta itemprop=\"datePublished\" content=\"2022-02-28\" \/><meta itemprop=\"dateModified\" content=\"2022-02-28\" \/><meta itemprop=\"name\" content=\"Parole de Vie\"\/><meta itemprop=\"url\" content=\"https:\/\/paroledevie.tv\/wp-content\/uploads\/2021\/12\/Logo-Parole-de-vie-60-1.png\"\/><meta itemprop=\"url\" content=\"https:\/\/paroledevie.tv\/author\/felicite\/\" \/><meta itemprop=\"name\" content=\"F\u00e9licit\u00e9\" \/><meta itemprop=\"url\" content=\"https:\/\/paroledevie.tv\/wp-content\/uploads\/2022\/02\/prayer-faith-religion-6764197.jpg\" \/><meta itemprop=\"width\" content=\"1280\" \/><meta itemprop=\"height\" content=\"857\" \/><meta itemprop=\"interactionType\" content=\"https:\/\/schema.org\/CommentAction\" \/><meta itemprop=\"userInteractionCount\" content=\"0\" \/>\n\t\t\t\t<a href=\"https:\/\/paroledevie.tv\/en\/i-have-chosen-the-lord-testimony\/\" title=\"I have chosen the Lord - Testimony\"><\/a>\n\t\t\t\t\t\t\t\t\t<a href=\"https:\/\/paroledevie.tv\/en\/category\/my-story\/\">My Story<\/a>\n\t\t\t\t<h3 itemprop=\"headline\">\n\t\t\t<a href=\"https:\/\/paroledevie.tv\/en\/i-have-chosen-the-lord-testimony\/\" title=\"I have chosen the Lord - Testimony\">I have chosen the Lord - Testimony<\/a>\n\t\t<\/h3>\n\t\t\t\t\t\t\t\t\tFebruary 28, 2022\t\t\t\t\t\t\t\n\t<meta itemscope itemprop=\"mainEntityOfPage\" itemtype=\"https:\/\/schema.org\/WebPage\" itemid=\"https:\/\/paroledevie.tv\/dieu-au-centre-de-tout-temoignage\/\" content=\"Dieu au centre de tout &#8211; T\u00e9moignage\" \/><meta itemprop=\"datePublished\" content=\"2022-02-06\" \/><meta itemprop=\"dateModified\" content=\"2022-02-06\" \/><meta itemprop=\"name\" content=\"Parole de Vie\"\/><meta itemprop=\"url\" content=\"https:\/\/paroledevie.tv\/wp-content\/uploads\/2021\/12\/Logo-Parole-de-vie-60-1.png\"\/><meta itemprop=\"url\" content=\"https:\/\/paroledevie.tv\/author\/felicite\/\" \/><meta itemprop=\"name\" content=\"F\u00e9licit\u00e9\" \/><meta itemprop=\"url\" content=\"https:\/\/paroledevie.tv\/wp-content\/uploads\/2022\/02\/trees-lake-pond-6982438.jpg\" \/><meta itemprop=\"width\" content=\"1280\" \/><meta itemprop=\"height\" content=\"853\" \/><meta itemprop=\"interactionType\" content=\"https:\/\/schema.org\/CommentAction\" \/><meta itemprop=\"userInteractionCount\" content=\"0\" \/>\n\t\t\t\t<a href=\"https:\/\/paroledevie.tv\/en\/god-at-the-center-of-every-testimony\/\" title=\"God at the center of everything - Testimony\"><\/a>\n\t\t\t\t\t\t\t\t\t<a href=\"https:\/\/paroledevie.tv\/en\/category\/my-story\/\">My Story<\/a>\n\t\t\t\t<h3 itemprop=\"headline\">\n\t\t\t<a href=\"https:\/\/paroledevie.tv\/en\/god-at-the-center-of-every-testimony\/\" title=\"God at the center of everything - Testimony\">God at the center of everything - Testimony<\/a>\n\t\t<\/h3>\n\t\t\t\t\t\t\t\t\tFebruary 6, 2022\t\t\t\t\t\t\t\n\t<meta itemscope itemprop=\"mainEntityOfPage\" itemtype=\"https:\/\/schema.org\/WebPage\" itemid=\"https:\/\/paroledevie.tv\/jai-gueri-du-diabete\/\" content=\"J'ai gu\u00e9ri du Diab\u00e8te\" \/><meta itemprop=\"datePublished\" content=\"2022-01-01\" \/><meta itemprop=\"dateModified\" content=\"2022-01-04\" \/><meta itemprop=\"name\" content=\"Parole de Vie\"\/><meta itemprop=\"url\" content=\"https:\/\/paroledevie.tv\/wp-content\/uploads\/2021\/12\/Logo-Parole-de-vie-60-1.png\"\/><meta itemprop=\"url\" content=\"https:\/\/paroledevie.tv\/author\/felicite\/\" \/><meta itemprop=\"name\" content=\"F\u00e9licit\u00e9\" \/><meta itemprop=\"url\" content=\"https:\/\/paroledevie.tv\/wp-content\/uploads\/2022\/01\/apple-close-up-cucumber-delicious-616833-scaled.jpg\" \/><meta itemprop=\"width\" content=\"2560\" \/><meta itemprop=\"height\" content=\"1707\" \/><meta itemprop=\"interactionType\" content=\"https:\/\/schema.org\/CommentAction\" \/><meta itemprop=\"userInteractionCount\" content=\"0\" \/>\n\t\t\t\t<a href=\"https:\/\/paroledevie.tv\/en\/i-recovered-from-diabetes\/\" title=\"I cured Diabetes\"><\/a>\n\t\t\t\t\t\t\t\t\t<a href=\"https:\/\/paroledevie.tv\/en\/category\/my-story\/\">My Story<\/a>\n\t\t\t\t<h3 itemprop=\"headline\">\n\t\t\t<a href=\"https:\/\/paroledevie.tv\/en\/i-recovered-from-diabetes\/\" title=\"I cured Diabetes\">I cured Diabetes<\/a>\n\t\t<\/h3>\n\t\t\t\t\t\t\t\t\tJanuary 1, 2022\t\t\t\t\t\t\t\n\t<meta itemscope itemprop=\"mainEntityOfPage\" itemtype=\"https:\/\/schema.org\/WebPage\" itemid=\"https:\/\/paroledevie.tv\/surmonter-un-echec-scolaire\/\" content=\"Surmonter un \u00e9chec scolaire\" \/><meta itemprop=\"datePublished\" content=\"2021-12-30\" \/><meta itemprop=\"dateModified\" content=\"2022-01-07\" \/><meta itemprop=\"name\" content=\"Parole de Vie\"\/><meta itemprop=\"url\" content=\"https:\/\/paroledevie.tv\/wp-content\/uploads\/2021\/12\/Logo-Parole-de-vie-60-1.png\"\/><meta itemprop=\"url\" content=\"https:\/\/paroledevie.tv\/author\/felicite\/\" \/><meta itemprop=\"name\" content=\"F\u00e9licit\u00e9\" \/><meta itemprop=\"url\" content=\"https:\/\/paroledevie.tv\/wp-content\/uploads\/2021\/12\/paysage-avec-eau.jpg\" \/><meta itemprop=\"width\" content=\"1280\" \/><meta itemprop=\"height\" content=\"853\" \/><meta itemprop=\"interactionType\" content=\"https:\/\/schema.org\/CommentAction\" \/><meta itemprop=\"userInteractionCount\" content=\"2\" \/>\n\t\t\t\t<a href=\"https:\/\/paroledevie.tv\/en\/overcoming-academic-failure\/\" title=\"Overcoming academic failure\"><\/a>\n\t\t\t\t\t\t\t\t\t<a href=\"https:\/\/paroledevie.tv\/en\/category\/my-story\/\">My Story<\/a>\n\t\t\t\t<h3 itemprop=\"headline\">\n\t\t\t<a href=\"https:\/\/paroledevie.tv\/en\/overcoming-academic-failure\/\" title=\"Overcoming academic failure\">Overcoming academic failure<\/a>\n\t\t<\/h3>\n\t\t\t\t\t\t\t\t\tDecember 30, 2021\t\t\t\t\t\t\t\n\t\t<!-- .pp-content-posts -->","protected":false},"excerpt":{"rendered":"<p>Mon Histoire Mon Histoire La Parole de Dieu est efficace &#8211; T\u00e9moignage 4 mars 2022 Mon Histoire J&rsquo;ai choisi le Seigneur &#8211; T\u00e9moignage 28 f\u00e9vrier 2022 Mon Histoire Dieu au centre de tout &#8211; T\u00e9moignage 6 f\u00e9vrier 2022 Mon Histoire J&rsquo;ai gu\u00e9ri du Diab\u00e8te 1 janvier 2022 Mon Histoire Surmonter un \u00e9chec scolaire 30 d\u00e9cembre [&hellip;]<\/p>\n","protected":false},"author":1,"featured_media":0,"parent":662,"menu_order":0,"comment_status":"closed","ping_status":"closed","template":"","meta":{"site-sidebar-layout":"right-sidebar","site-content-layout":"page-builder","ast-site-content-layout":"default","site-content-style":"default","site-sidebar-style":"default","ast-global-header-display":"","ast-banner-title-visibility":"","ast-main-header-display":"","ast-hfb-above-header-display":"","ast-hfb-below-header-display":"","ast-hfb-mobile-header-display":"","site-post-title":"disabled","ast-breadcrumbs-content":"","ast-featured-img":"","footer-sml-layout":"","theme-transparent-header-meta":"","adv-header-id-meta":"","stick-header-meta":"","header-above-stick-meta":"","header-main-stick-meta":"","header-below-stick-meta":"","astra-migrate-meta-layouts":"default","ast-page-background-enabled":"default","ast-page-background-meta":{"desktop":{"background-color":"var(--ast-global-color-4)","background-image":"","background-repeat":"repeat","background-position":"center center","background-size":"auto","background-attachment":"scroll","background-type":"","background-media":"","overlay-type":"","overlay-color":"","overlay-opacity":"","overlay-gradient":""},"tablet":{"background-color":"","background-image":"","background-repeat":"repeat","background-position":"center center","background-size":"auto","background-attachment":"scroll","background-type":"","background-media":"","overlay-type":"","overlay-color":"","overlay-opacity":"","overlay-gradient":""},"mobile":{"background-color":"","background-image":"","background-repeat":"repeat","background-position":"center center","background-size":"auto","background-attachment":"scroll","background-type":"","background-media":"","overlay-type":"","overlay-color":"","overlay-opacity":"","overlay-gradient":""}},"ast-content-background-meta":{"desktop":{"background-color":"var(--ast-global-color-5)","background-image":"","background-repeat":"repeat","background-position":"center center","background-size":"auto","background-attachment":"scroll","background-type":"","background-media":"","overlay-type":"","overlay-color":"","overlay-opacity":"","overlay-gradient":""},"tablet":{"background-color":"var(--ast-global-color-5)","background-image":"","background-repeat":"repeat","background-position":"center center","background-size":"auto","background-attachment":"scroll","background-type":"","background-media":"","overlay-type":"","overlay-color":"","overlay-opacity":"","overlay-gradient":""},"mobile":{"background-color":"var(--ast-global-color-5)","background-image":"","background-repeat":"repeat","background-position":"center center","background-size":"auto","background-attachment":"scroll","background-type":"","background-media":"","overlay-type":"","overlay-color":"","overlay-opacity":"","overlay-gradient":""}},"footnotes":""},"class_list":["post-702","page","type-page","status-publish","hentry"],"aioseo_notices":[],"_links":{"self":[{"href":"https:\/\/paroledevie.tv\/en\/wp-json\/wp\/v2\/pages\/702","targetHints":{"allow":["GET"]}}],"collection":[{"href":"https:\/\/paroledevie.tv\/en\/wp-json\/wp\/v2\/pages"}],"about":[{"href":"https:\/\/paroledevie.tv\/en\/wp-json\/wp\/v2\/types\/page"}],"author":[{"embeddable":true,"href":"https:\/\/paroledevie.tv\/en\/wp-json\/wp\/v2\/users\/1"}],"replies":[{"embeddable":true,"href":"https:\/\/paroledevie.tv\/en\/wp-json\/wp\/v2\/comments?post=702"}],"version-history":[{"count":2,"href":"https:\/\/paroledevie.tv\/en\/wp-json\/wp\/v2\/pages\/702\/revisions"}],"predecessor-version":[{"id":704,"href":"https:\/\/paroledevie.tv\/en\/wp-json\/wp\/v2\/pages\/702\/revisions\/704"}],"up":[{"embeddable":true,"href":"https:\/\/paroledevie.tv\/en\/wp-json\/wp\/v2\/pages\/662"}],"wp:attachment":[{"href":"https:\/\/paroledevie.tv\/en\/wp-json\/wp\/v2\/media?parent=702"}],"curies":[{"name":"wp","href":"https:\/\/api.w.org\/{rel}","templated":true}]}}