{"id":686,"date":"2022-05-27T14:11:58","date_gmt":"2022-05-27T12:11:58","guid":{"rendered":"https:\/\/paroledevie.tv\/?page_id=686"},"modified":"2022-05-27T14:13:25","modified_gmt":"2022-05-27T12:13:25","slug":"bible-studies","status":"publish","type":"page","link":"https:\/\/paroledevie.tv\/en\/blog\/bible-studies\/","title":{"rendered":"Bible studies"},"content":{"rendered":"<h2>\n\t\tBible studies\n\t<\/h2>\n\t<meta itemscope itemprop=\"mainEntityOfPage\" itemtype=\"https:\/\/schema.org\/WebPage\" itemid=\"https:\/\/paroledevie.tv\/faim-de-dieu\/\" content=\"Faim de Dieu\" \/><meta itemprop=\"datePublished\" content=\"2022-04-05\" \/><meta itemprop=\"dateModified\" content=\"2022-04-05\" \/><meta itemprop=\"name\" content=\"Parole de Vie\"\/><meta itemprop=\"url\" content=\"https:\/\/paroledevie.tv\/wp-content\/uploads\/2021\/12\/Logo-Parole-de-vie-60-1.png\"\/><meta itemprop=\"url\" content=\"https:\/\/paroledevie.tv\/author\/felicite\/\" \/><meta itemprop=\"name\" content=\"F\u00e9licit\u00e9\" \/><meta itemprop=\"url\" content=\"https:\/\/paroledevie.tv\/wp-content\/uploads\/2022\/04\/plat-vide-pexels-karolina-grabowska-5705982-scaled.jpg\" \/><meta itemprop=\"width\" content=\"2560\" \/><meta itemprop=\"height\" content=\"1707\" \/><meta itemprop=\"interactionType\" content=\"https:\/\/schema.org\/CommentAction\" \/><meta itemprop=\"userInteractionCount\" content=\"0\" \/>\n\t\t\t\t<a href=\"https:\/\/paroledevie.tv\/en\/hunger-for-god\/\" title=\"God&#039;s hunger\"><\/a>\n\t\t\t\t\t\t\t\t\t<a href=\"https:\/\/paroledevie.tv\/en\/category\/bible-studies\/\">Bible studies<\/a>\n\t\t\t\t<h3 itemprop=\"headline\">\n\t\t\t<a href=\"https:\/\/paroledevie.tv\/en\/hunger-for-god\/\" title=\"God&#039;s hunger\">God's hunger<\/a>\n\t\t<\/h3>\n\t\t\t\t\t\t\t\t\tApril 5, 2022\t\t\t\t\t\t\t\n\t<meta itemscope itemprop=\"mainEntityOfPage\" itemtype=\"https:\/\/schema.org\/WebPage\" itemid=\"https:\/\/paroledevie.tv\/mon-royaume\/\" content=\"Mon Royaume\" \/><meta itemprop=\"datePublished\" content=\"2022-04-03\" \/><meta itemprop=\"dateModified\" content=\"2022-04-03\" \/><meta itemprop=\"name\" content=\"Parole de Vie\"\/><meta itemprop=\"url\" content=\"https:\/\/paroledevie.tv\/wp-content\/uploads\/2021\/12\/Logo-Parole-de-vie-60-1.png\"\/><meta itemprop=\"url\" content=\"https:\/\/paroledevie.tv\/author\/felicite\/\" \/><meta itemprop=\"name\" content=\"F\u00e9licit\u00e9\" \/><meta itemprop=\"url\" content=\"https:\/\/paroledevie.tv\/wp-content\/uploads\/2022\/04\/le-dom-irsael-pexels-haley-black-2087387-scaled.jpg\" \/><meta itemprop=\"width\" content=\"2560\" \/><meta itemprop=\"height\" content=\"1707\" \/><meta itemprop=\"interactionType\" content=\"https:\/\/schema.org\/CommentAction\" \/><meta itemprop=\"userInteractionCount\" content=\"0\" \/>\n\t\t\t\t<a href=\"https:\/\/paroledevie.tv\/en\/my-kingdom\/\" title=\"My Kingdom\"><\/a>\n\t\t\t\t\t\t\t\t\t<a href=\"https:\/\/paroledevie.tv\/en\/category\/bible-studies\/\">Bible studies<\/a>\n\t\t\t\t<h3 itemprop=\"headline\">\n\t\t\t<a href=\"https:\/\/paroledevie.tv\/en\/my-kingdom\/\" title=\"My Kingdom\">My Kingdom<\/a>\n\t\t<\/h3>\n\t\t\t\t\t\t\t\t\tApril 3, 2022\t\t\t\t\t\t\t\n\t<meta itemscope itemprop=\"mainEntityOfPage\" itemtype=\"https:\/\/schema.org\/WebPage\" itemid=\"https:\/\/paroledevie.tv\/le-probleme-du-doute\/\" content=\"Le Probl\u00e8me du Doute\" \/><meta itemprop=\"datePublished\" content=\"2022-03-09\" \/><meta itemprop=\"dateModified\" content=\"2022-03-09\" \/><meta itemprop=\"name\" content=\"Parole de Vie\"\/><meta itemprop=\"url\" content=\"https:\/\/paroledevie.tv\/wp-content\/uploads\/2021\/12\/Logo-Parole-de-vie-60-1.png\"\/><meta itemprop=\"url\" content=\"https:\/\/paroledevie.tv\/author\/felicite\/\" \/><meta itemprop=\"name\" content=\"F\u00e9licit\u00e9\" \/><meta itemprop=\"url\" content=\"https:\/\/paroledevie.tv\/wp-content\/uploads\/2022\/03\/bebe-avec-pierre-pexels-tatiana-syrikova-3932849-scaled.jpg\" \/><meta itemprop=\"width\" content=\"2560\" \/><meta itemprop=\"height\" content=\"1707\" \/><meta itemprop=\"interactionType\" content=\"https:\/\/schema.org\/CommentAction\" \/><meta itemprop=\"userInteractionCount\" content=\"0\" \/>\n\t\t\t\t<a href=\"https:\/\/paroledevie.tv\/en\/the-problem-of-doubt\/\" title=\"The Problem of Doubt\"><\/a>\n\t\t\t\t\t\t\t\t\t<a href=\"https:\/\/paroledevie.tv\/en\/category\/bible-studies\/\">Bible studies<\/a>\n\t\t\t\t<h3 itemprop=\"headline\">\n\t\t\t<a href=\"https:\/\/paroledevie.tv\/en\/the-problem-of-doubt\/\" title=\"The Problem of Doubt\">The Problem of Doubt<\/a>\n\t\t<\/h3>\n\t\t\t\t\t\t\t\t\tMarch 9, 2022\t\t\t\t\t\t\t\n\t<meta itemscope itemprop=\"mainEntityOfPage\" itemtype=\"https:\/\/schema.org\/WebPage\" itemid=\"https:\/\/paroledevie.tv\/amour-universel-de-dieu\/\" content=\"Amour Universel de Dieu\" \/><meta itemprop=\"datePublished\" content=\"2022-03-03\" \/><meta itemprop=\"dateModified\" content=\"2022-03-03\" \/><meta itemprop=\"name\" content=\"Parole de Vie\"\/><meta itemprop=\"url\" content=\"https:\/\/paroledevie.tv\/wp-content\/uploads\/2021\/12\/Logo-Parole-de-vie-60-1.png\"\/><meta itemprop=\"url\" content=\"https:\/\/paroledevie.tv\/author\/felicite\/\" \/><meta itemprop=\"name\" content=\"F\u00e9licit\u00e9\" \/><meta itemprop=\"url\" content=\"https:\/\/paroledevie.tv\/wp-content\/uploads\/2022\/03\/baby-hands-fingers-2416718.jpg\" \/><meta itemprop=\"width\" content=\"1280\" \/><meta itemprop=\"height\" content=\"864\" \/><meta itemprop=\"interactionType\" content=\"https:\/\/schema.org\/CommentAction\" \/><meta itemprop=\"userInteractionCount\" content=\"0\" \/>\n\t\t\t\t<a href=\"https:\/\/paroledevie.tv\/en\/gods-universal-love\/\" title=\"God&#039;s Universal Love\"><\/a>\n\t\t\t\t\t\t\t\t\t<a href=\"https:\/\/paroledevie.tv\/en\/category\/bible-studies\/\">Bible studies<\/a>\n\t\t\t\t<h3 itemprop=\"headline\">\n\t\t\t<a href=\"https:\/\/paroledevie.tv\/en\/gods-universal-love\/\" title=\"God&#039;s Universal Love\">God's Universal Love<\/a>\n\t\t<\/h3>\n\t\t\t\t\t\t\t\t\tMarch 3, 2022\t\t\t\t\t\t\t\n\t<meta itemscope itemprop=\"mainEntityOfPage\" itemtype=\"https:\/\/schema.org\/WebPage\" itemid=\"https:\/\/paroledevie.tv\/la-reussite-cest-la-discipline\/\" content=\"La R\u00e9ussite C&rsquo;est La Discipline\" \/><meta itemprop=\"datePublished\" content=\"2022-02-19\" \/><meta itemprop=\"dateModified\" content=\"2022-02-19\" \/><meta itemprop=\"name\" content=\"Parole de Vie\"\/><meta itemprop=\"url\" content=\"https:\/\/paroledevie.tv\/wp-content\/uploads\/2021\/12\/Logo-Parole-de-vie-60-1.png\"\/><meta itemprop=\"url\" content=\"https:\/\/paroledevie.tv\/author\/felicite\/\" \/><meta itemprop=\"name\" content=\"F\u00e9licit\u00e9\" \/><meta itemprop=\"url\" content=\"https:\/\/paroledevie.tv\/wp-content\/uploads\/2022\/02\/book-literature-reading-6709160.jpg\" \/><meta itemprop=\"width\" content=\"1280\" \/><meta itemprop=\"height\" content=\"750\" \/><meta itemprop=\"interactionType\" content=\"https:\/\/schema.org\/CommentAction\" \/><meta itemprop=\"userInteractionCount\" content=\"0\" \/>\n\t\t\t\t<a href=\"https:\/\/paroledevie.tv\/en\/success-is-discipline\/\" title=\"Success is Discipline\"><\/a>\n\t\t\t\t\t\t\t\t\t<a href=\"https:\/\/paroledevie.tv\/en\/category\/bible-studies\/\">Bible studies<\/a>\n\t\t\t\t<h3 itemprop=\"headline\">\n\t\t\t<a href=\"https:\/\/paroledevie.tv\/en\/success-is-discipline\/\" title=\"Success is Discipline\">Success is Discipline<\/a>\n\t\t<\/h3>\n\t\t\t\t\t\t\t\t\tFebruary 19, 2022\t\t\t\t\t\t\t\n\t<meta itemscope itemprop=\"mainEntityOfPage\" itemtype=\"https:\/\/schema.org\/WebPage\" itemid=\"https:\/\/paroledevie.tv\/la-regeneration\/\" content=\"La R\u00e9g\u00e9n\u00e9ration\" \/><meta itemprop=\"datePublished\" content=\"2022-02-17\" \/><meta itemprop=\"dateModified\" content=\"2022-02-17\" \/><meta itemprop=\"name\" content=\"Parole de Vie\"\/><meta itemprop=\"url\" content=\"https:\/\/paroledevie.tv\/wp-content\/uploads\/2021\/12\/Logo-Parole-de-vie-60-1.png\"\/><meta itemprop=\"url\" content=\"https:\/\/paroledevie.tv\/author\/felicite\/\" \/><meta itemprop=\"name\" content=\"F\u00e9licit\u00e9\" \/><meta itemprop=\"url\" content=\"https:\/\/paroledevie.tv\/wp-content\/uploads\/2022\/02\/butterfly-peacock-butterfly-flower-nature-7011395.jpg\" \/><meta itemprop=\"width\" content=\"1280\" \/><meta itemprop=\"height\" content=\"854\" \/><meta itemprop=\"interactionType\" content=\"https:\/\/schema.org\/CommentAction\" \/><meta itemprop=\"userInteractionCount\" content=\"0\" \/>\n\t\t\t\t<a href=\"https:\/\/paroledevie.tv\/en\/regeneration\/\" title=\"Regeneration\"><\/a>\n\t\t\t\t\t\t\t\t\t<a href=\"https:\/\/paroledevie.tv\/en\/category\/bible-studies\/\">Bible studies<\/a>\n\t\t\t\t<h3 itemprop=\"headline\">\n\t\t\t<a href=\"https:\/\/paroledevie.tv\/en\/regeneration\/\" title=\"Regeneration\">Regeneration<\/a>\n\t\t<\/h3>\n\t\t\t\t\t\t\t\t\tFebruary 17, 2022\t\t\t\t\t\t\t\n\t<meta itemscope itemprop=\"mainEntityOfPage\" itemtype=\"https:\/\/schema.org\/WebPage\" itemid=\"https:\/\/paroledevie.tv\/la-confiance-nous-sauvera\/\" content=\"La Confiance Nous sauvera\u00a0\" \/><meta itemprop=\"datePublished\" content=\"2022-02-17\" \/><meta itemprop=\"dateModified\" content=\"2022-02-17\" \/><meta itemprop=\"name\" content=\"Parole de Vie\"\/><meta itemprop=\"url\" content=\"https:\/\/paroledevie.tv\/wp-content\/uploads\/2021\/12\/Logo-Parole-de-vie-60-1.png\"\/><meta itemprop=\"url\" content=\"https:\/\/paroledevie.tv\/author\/felicite\/\" \/><meta itemprop=\"name\" content=\"F\u00e9licit\u00e9\" \/><meta itemprop=\"url\" content=\"https:\/\/paroledevie.tv\/wp-content\/uploads\/2022\/02\/child-fountain-garden-6968392.jpg\" \/><meta itemprop=\"width\" content=\"1280\" \/><meta itemprop=\"height\" content=\"888\" \/><meta itemprop=\"interactionType\" content=\"https:\/\/schema.org\/CommentAction\" \/><meta itemprop=\"userInteractionCount\" content=\"0\" \/>\n\t\t\t\t<a href=\"https:\/\/paroledevie.tv\/en\/trust-will-save-us\/\" title=\"Confidence will save us\u00a0\"><\/a>\n\t\t\t\t\t\t\t\t\t<a href=\"https:\/\/paroledevie.tv\/en\/category\/bible-studies\/\">Bible studies<\/a>\n\t\t\t\t<h3 itemprop=\"headline\">\n\t\t\t<a href=\"https:\/\/paroledevie.tv\/en\/trust-will-save-us\/\" title=\"Confidence will save us\u00a0\">Confidence will save us\u00a0<\/a>\n\t\t<\/h3>\n\t\t\t\t\t\t\t\t\tFebruary 17, 2022\t\t\t\t\t\t\t\n\t<meta itemscope itemprop=\"mainEntityOfPage\" itemtype=\"https:\/\/schema.org\/WebPage\" itemid=\"https:\/\/paroledevie.tv\/dieu-est-souverain\/\" content=\"Dieu Est Souverain\" \/><meta itemprop=\"datePublished\" content=\"2022-02-11\" \/><meta itemprop=\"dateModified\" content=\"2022-02-11\" \/><meta itemprop=\"name\" content=\"Parole de Vie\"\/><meta itemprop=\"url\" content=\"https:\/\/paroledevie.tv\/wp-content\/uploads\/2021\/12\/Logo-Parole-de-vie-60-1.png\"\/><meta itemprop=\"url\" content=\"https:\/\/paroledevie.tv\/author\/felicite\/\" \/><meta itemprop=\"name\" content=\"F\u00e9licit\u00e9\" \/><meta itemprop=\"url\" content=\"https:\/\/paroledevie.tv\/wp-content\/uploads\/2022\/02\/desert-sunset-sand-dunes-6991820.jpg\" \/><meta itemprop=\"width\" content=\"1280\" \/><meta itemprop=\"height\" content=\"720\" \/><meta itemprop=\"interactionType\" content=\"https:\/\/schema.org\/CommentAction\" \/><meta itemprop=\"userInteractionCount\" content=\"0\" \/>\n\t\t\t\t<a href=\"https:\/\/paroledevie.tv\/en\/god-is-sovereign\/\" title=\"God Is Sovereign\"><\/a>\n\t\t\t\t\t\t\t\t\t<a href=\"https:\/\/paroledevie.tv\/en\/category\/bible-studies\/\">Bible studies<\/a>\n\t\t\t\t<h3 itemprop=\"headline\">\n\t\t\t<a href=\"https:\/\/paroledevie.tv\/en\/god-is-sovereign\/\" title=\"God Is Sovereign\">God Is Sovereign<\/a>\n\t\t<\/h3>\n\t\t\t\t\t\t\t\t\tFebruary 11, 2022\t\t\t\t\t\t\t\n\t<meta itemscope itemprop=\"mainEntityOfPage\" itemtype=\"https:\/\/schema.org\/WebPage\" itemid=\"https:\/\/paroledevie.tv\/le-second-adam\/\" content=\"Le second Adam\" \/><meta itemprop=\"datePublished\" content=\"2022-02-05\" \/><meta itemprop=\"dateModified\" content=\"2022-02-11\" \/><meta itemprop=\"name\" content=\"Parole de Vie\"\/><meta itemprop=\"url\" content=\"https:\/\/paroledevie.tv\/wp-content\/uploads\/2021\/12\/Logo-Parole-de-vie-60-1.png\"\/><meta itemprop=\"url\" content=\"https:\/\/paroledevie.tv\/author\/felicite\/\" \/><meta itemprop=\"name\" content=\"F\u00e9licit\u00e9\" \/><meta itemprop=\"url\" content=\"https:\/\/paroledevie.tv\/wp-content\/uploads\/2022\/02\/sky-clouds-nature-6966721.jpg\" \/><meta itemprop=\"width\" content=\"1280\" \/><meta itemprop=\"height\" content=\"853\" \/><meta itemprop=\"interactionType\" content=\"https:\/\/schema.org\/CommentAction\" \/><meta itemprop=\"userInteractionCount\" content=\"0\" \/>\n\t\t\t\t<a href=\"https:\/\/paroledevie.tv\/en\/the-second-adam\/\" title=\"The second Adam\"><\/a>\n\t\t\t\t\t\t\t\t\t<a href=\"https:\/\/paroledevie.tv\/en\/category\/bible-studies\/\">Bible studies<\/a>\n\t\t\t\t<h3 itemprop=\"headline\">\n\t\t\t<a href=\"https:\/\/paroledevie.tv\/en\/the-second-adam\/\" title=\"The second Adam\">The second Adam<\/a>\n\t\t<\/h3>\n\t\t\t\t\t\t\t\t\tFebruary 5, 2022\t\t\t\t\t\t\t\n\t<meta itemscope itemprop=\"mainEntityOfPage\" itemtype=\"https:\/\/schema.org\/WebPage\" itemid=\"https:\/\/paroledevie.tv\/dieu-ta-appele-pour-le-salut\/\" content=\"Dieu t&rsquo;a appel\u00e9 pour le salut\" \/><meta itemprop=\"datePublished\" content=\"2022-02-03\" \/><meta itemprop=\"dateModified\" content=\"2022-02-03\" \/><meta itemprop=\"name\" content=\"Parole de Vie\"\/><meta itemprop=\"url\" content=\"https:\/\/paroledevie.tv\/wp-content\/uploads\/2021\/12\/Logo-Parole-de-vie-60-1.png\"\/><meta itemprop=\"url\" content=\"https:\/\/paroledevie.tv\/author\/felicite\/\" \/><meta itemprop=\"name\" content=\"F\u00e9licit\u00e9\" \/><meta itemprop=\"url\" content=\"https:\/\/paroledevie.tv\/wp-content\/uploads\/2022\/02\/levee-de-soleil-et-un-homme.jpg\" \/><meta itemprop=\"width\" content=\"1280\" \/><meta itemprop=\"height\" content=\"853\" \/><meta itemprop=\"interactionType\" content=\"https:\/\/schema.org\/CommentAction\" \/><meta itemprop=\"userInteractionCount\" content=\"0\" \/>\n\t\t\t\t<a href=\"https:\/\/paroledevie.tv\/en\/god-calls-you-to-salvation\/\" title=\"God has called you to salvation\"><\/a>\n\t\t\t\t\t\t\t\t\t<a href=\"https:\/\/paroledevie.tv\/en\/category\/bible-studies\/\">Bible studies<\/a>\n\t\t\t\t<h3 itemprop=\"headline\">\n\t\t\t<a href=\"https:\/\/paroledevie.tv\/en\/god-calls-you-to-salvation\/\" title=\"God has called you to salvation\">God has called you to salvation<\/a>\n\t\t<\/h3>\n\t\t\t\t\t\t\t\t\tFebruary 3, 2022\t\t\t\t\t\t\t\n\t<meta itemscope itemprop=\"mainEntityOfPage\" itemtype=\"https:\/\/schema.org\/WebPage\" itemid=\"https:\/\/paroledevie.tv\/lapocalypse\/\" content=\"L&rsquo;Apocalypse\" \/><meta itemprop=\"datePublished\" content=\"2022-01-20\" \/><meta itemprop=\"dateModified\" content=\"2022-01-20\" \/><meta itemprop=\"name\" content=\"Parole de Vie\"\/><meta itemprop=\"url\" content=\"https:\/\/paroledevie.tv\/wp-content\/uploads\/2021\/12\/Logo-Parole-de-vie-60-1.png\"\/><meta itemprop=\"url\" content=\"https:\/\/paroledevie.tv\/author\/felicite\/\" \/><meta itemprop=\"name\" content=\"F\u00e9licit\u00e9\" \/><meta itemprop=\"url\" content=\"https:\/\/paroledevie.tv\/wp-content\/uploads\/2022\/01\/bird-pigeon-ornithology-6937910.jpg\" \/><meta itemprop=\"width\" content=\"1280\" \/><meta itemprop=\"height\" content=\"853\" \/><meta itemprop=\"interactionType\" content=\"https:\/\/schema.org\/CommentAction\" \/><meta itemprop=\"userInteractionCount\" content=\"0\" \/>\n\t\t\t\t<a href=\"https:\/\/paroledevie.tv\/en\/lapocalypse\/\" title=\"The Apocalypse\"><\/a>\n\t\t\t\t\t\t\t\t\t<a href=\"https:\/\/paroledevie.tv\/en\/category\/bible-studies\/\">Bible studies<\/a>\n\t\t\t\t<h3 itemprop=\"headline\">\n\t\t\t<a href=\"https:\/\/paroledevie.tv\/en\/lapocalypse\/\" title=\"The Apocalypse\">The Apocalypse<\/a>\n\t\t<\/h3>\n\t\t\t\t\t\t\t\t\tJanuary 20, 2022\t\t\t\t\t\t\t\n\t\t<!-- .pp-content-posts -->","protected":false},"excerpt":{"rendered":"<p>Etudes Biblique Etudes Biblique Faim de Dieu 5 avril 2022 Etudes Biblique Mon Royaume 3 avril 2022 Etudes Biblique Le Probl\u00e8me du Doute 9 mars 2022 Etudes Biblique Amour Universel de Dieu 3 mars 2022 Etudes Biblique La R\u00e9ussite C&rsquo;est La Discipline 19 f\u00e9vrier 2022 Etudes Biblique La R\u00e9g\u00e9n\u00e9ration 17 f\u00e9vrier 2022 Etudes Biblique La [&hellip;]<\/p>\n","protected":false},"author":1,"featured_media":0,"parent":662,"menu_order":0,"comment_status":"closed","ping_status":"closed","template":"","meta":{"site-sidebar-layout":"right-sidebar","site-content-layout":"page-builder","ast-site-content-layout":"default","site-content-style":"default","site-sidebar-style":"default","ast-global-header-display":"","ast-banner-title-visibility":"","ast-main-header-display":"","ast-hfb-above-header-display":"","ast-hfb-below-header-display":"","ast-hfb-mobile-header-display":"","site-post-title":"disabled","ast-breadcrumbs-content":"","ast-featured-img":"","footer-sml-layout":"","theme-transparent-header-meta":"","adv-header-id-meta":"","stick-header-meta":"","header-above-stick-meta":"","header-main-stick-meta":"","header-below-stick-meta":"","astra-migrate-meta-layouts":"default","ast-page-background-enabled":"default","ast-page-background-meta":{"desktop":{"background-color":"var(--ast-global-color-4)","background-image":"","background-repeat":"repeat","background-position":"center center","background-size":"auto","background-attachment":"scroll","background-type":"","background-media":"","overlay-type":"","overlay-color":"","overlay-opacity":"","overlay-gradient":""},"tablet":{"background-color":"","background-image":"","background-repeat":"repeat","background-position":"center center","background-size":"auto","background-attachment":"scroll","background-type":"","background-media":"","overlay-type":"","overlay-color":"","overlay-opacity":"","overlay-gradient":""},"mobile":{"background-color":"","background-image":"","background-repeat":"repeat","background-position":"center center","background-size":"auto","background-attachment":"scroll","background-type":"","background-media":"","overlay-type":"","overlay-color":"","overlay-opacity":"","overlay-gradient":""}},"ast-content-background-meta":{"desktop":{"background-color":"var(--ast-global-color-5)","background-image":"","background-repeat":"repeat","background-position":"center center","background-size":"auto","background-attachment":"scroll","background-type":"","background-media":"","overlay-type":"","overlay-color":"","overlay-opacity":"","overlay-gradient":""},"tablet":{"background-color":"var(--ast-global-color-5)","background-image":"","background-repeat":"repeat","background-position":"center center","background-size":"auto","background-attachment":"scroll","background-type":"","background-media":"","overlay-type":"","overlay-color":"","overlay-opacity":"","overlay-gradient":""},"mobile":{"background-color":"var(--ast-global-color-5)","background-image":"","background-repeat":"repeat","background-position":"center center","background-size":"auto","background-attachment":"scroll","background-type":"","background-media":"","overlay-type":"","overlay-color":"","overlay-opacity":"","overlay-gradient":""}},"footnotes":""},"class_list":["post-686","page","type-page","status-publish","hentry"],"aioseo_notices":[],"_links":{"self":[{"href":"https:\/\/paroledevie.tv\/en\/wp-json\/wp\/v2\/pages\/686","targetHints":{"allow":["GET"]}}],"collection":[{"href":"https:\/\/paroledevie.tv\/en\/wp-json\/wp\/v2\/pages"}],"about":[{"href":"https:\/\/paroledevie.tv\/en\/wp-json\/wp\/v2\/types\/page"}],"author":[{"embeddable":true,"href":"https:\/\/paroledevie.tv\/en\/wp-json\/wp\/v2\/users\/1"}],"replies":[{"embeddable":true,"href":"https:\/\/paroledevie.tv\/en\/wp-json\/wp\/v2\/comments?post=686"}],"version-history":[{"count":2,"href":"https:\/\/paroledevie.tv\/en\/wp-json\/wp\/v2\/pages\/686\/revisions"}],"predecessor-version":[{"id":688,"href":"https:\/\/paroledevie.tv\/en\/wp-json\/wp\/v2\/pages\/686\/revisions\/688"}],"up":[{"embeddable":true,"href":"https:\/\/paroledevie.tv\/en\/wp-json\/wp\/v2\/pages\/662"}],"wp:attachment":[{"href":"https:\/\/paroledevie.tv\/en\/wp-json\/wp\/v2\/media?parent=686"}],"curies":[{"name":"wp","href":"https:\/\/api.w.org\/{rel}","templated":true}]}}