{"id":2205,"date":"2022-12-21T16:27:36","date_gmt":"2022-12-21T15:27:36","guid":{"rendered":"https:\/\/paroledevie.tv\/?page_id=2205"},"modified":"2022-12-21T17:14:25","modified_gmt":"2022-12-21T16:14:25","slug":"sharing-worship-4th-quarter-2022","status":"publish","type":"page","link":"https:\/\/paroledevie.tv\/en\/sharing-worship-4th-quarter-2022\/","title":{"rendered":"Sharing Worship - 4th Quarter 2022"},"content":{"rendered":"<h1>\n\t\tWelcome to our page dedicated to the 4th quarter 2022 sharing service!\n\t<\/h1>\n\t<p>Nous sommes heureux de vous pr\u00e9senter le r\u00e9sultat de notre derni\u00e8re action de charit\u00e9, qui s&rsquo;est d\u00e9roul\u00e9e au Cameroun dans deux villages tr\u00e8s pauvres. Gr\u00e2ce \u00e0 votre g\u00e9n\u00e9rosit\u00e9 et \u00e0 votre soutien, nous avons pu r\u00e9colter de nombreux dons en num\u00e9raire qui nous ont permis de venir en aide aux personnes les plus d\u00e9munies de ces villages.<\/p>\n<p>Here are a few photos of the aid distribution we organized:<\/p>\n\t\t\t\t<img decoding=\"async\" src=\"https:\/\/paroledevie.tv\/wp-content\/uploads\/2022\/12\/13-WhatsApp-Image-2022-10-02-at-22.35.56.jpg\" alt=\"4th quarter 2022 sharing service \" itemprop=\"image\" height=\"567\" width=\"1008\" title=\"13 WhatsApp Image 2022-10-02 at 22.35.56\" onerror=\"this.style.display='none'\"  \/>\n\t\t\t\t<img decoding=\"async\" src=\"https:\/\/paroledevie.tv\/wp-content\/uploads\/2022\/12\/WhatsApp-Image-2022-10-16-at-12.57.12.jpg\" alt=\"WhatsApp Image 2022-10-16 at 12.57.12\" itemprop=\"image\" height=\"567\" width=\"1008\" title=\"WhatsApp Image 2022-10-16 at 12.57.12\" onerror=\"this.style.display='none'\"  \/>\n\t<p>Comme vous pouvez le voir, nous avons pu offrir de la nourriture et des produits d&rsquo;entretien \u00e0 de nombreuses personnes dans le besoin.<\/p>\n<p>We are deeply grateful for your participation in this sharing service and for your commitment to supporting the most vulnerable. Thanks to you, we were able to bring a little comfort and well-being to many people, and we hope that many of you will once again take part in our next charity events.<\/p>\n\t<form action=\"https:\/\/www.paypal.com\/donate\" method=\"post\" target=\"_top\">\n<input type=\"hidden\" name=\"hosted_button_id\" value=\"XU9VB54Q5P3P4\"\/>\n<input type=\"image\" src=\"https:\/\/www.paypalobjects.com\/en_US\/i\/btn\/btn_donateCC_LG.gif\" name=\"submit\" title=\"PayPal - The safer, easier way to pay online!\" alt=\"Donate with PayPal button\" border=\"0\"\/>\n<img decoding=\"async\" alt=\"\" src=\"https:\/\/www.paypal.com\/en_LU\/i\/scr\/pixel.gif\" width=\"1\" height=\"1\" border=\"0\"\/>\n<\/form>\n\t<p>Together, we can make a real difference in the world!<\/p>","protected":false},"excerpt":{"rendered":"<p>Bienvenue sur notre page consacr\u00e9e au culte de partage du 4\u00e8me trimestre 2022 ! Nous sommes heureux de vous pr\u00e9senter le r\u00e9sultat de notre derni\u00e8re action de charit\u00e9, qui s&rsquo;est d\u00e9roul\u00e9e au Cameroun dans deux villages tr\u00e8s pauvres. Gr\u00e2ce \u00e0 votre g\u00e9n\u00e9rosit\u00e9 et \u00e0 votre soutien, nous avons pu r\u00e9colter de nombreux dons en num\u00e9raire [&hellip;]<\/p>\n","protected":false},"author":1,"featured_media":2187,"parent":0,"menu_order":0,"comment_status":"closed","ping_status":"closed","template":"","meta":{"site-sidebar-layout":"default","site-content-layout":"","ast-site-content-layout":"default","site-content-style":"default","site-sidebar-style":"default","ast-global-header-display":"","ast-banner-title-visibility":"","ast-main-header-display":"","ast-hfb-above-header-display":"","ast-hfb-below-header-display":"","ast-hfb-mobile-header-display":"","site-post-title":"disabled","ast-breadcrumbs-content":"","ast-featured-img":"disabled","footer-sml-layout":"","theme-transparent-header-meta":"","adv-header-id-meta":"","stick-header-meta":"","header-above-stick-meta":"","header-main-stick-meta":"","header-below-stick-meta":"","astra-migrate-meta-layouts":"default","ast-page-background-enabled":"default","ast-page-background-meta":{"desktop":{"background-color":"var(--ast-global-color-4)","background-image":"","background-repeat":"repeat","background-position":"center center","background-size":"auto","background-attachment":"scroll","background-type":"","background-media":"","overlay-type":"","overlay-color":"","overlay-opacity":"","overlay-gradient":""},"tablet":{"background-color":"","background-image":"","background-repeat":"repeat","background-position":"center center","background-size":"auto","background-attachment":"scroll","background-type":"","background-media":"","overlay-type":"","overlay-color":"","overlay-opacity":"","overlay-gradient":""},"mobile":{"background-color":"","background-image":"","background-repeat":"repeat","background-position":"center center","background-size":"auto","background-attachment":"scroll","background-type":"","background-media":"","overlay-type":"","overlay-color":"","overlay-opacity":"","overlay-gradient":""}},"ast-content-background-meta":{"desktop":{"background-color":"var(--ast-global-color-5)","background-image":"","background-repeat":"repeat","background-position":"center center","background-size":"auto","background-attachment":"scroll","background-type":"","background-media":"","overlay-type":"","overlay-color":"","overlay-opacity":"","overlay-gradient":""},"tablet":{"background-color":"var(--ast-global-color-5)","background-image":"","background-repeat":"repeat","background-position":"center center","background-size":"auto","background-attachment":"scroll","background-type":"","background-media":"","overlay-type":"","overlay-color":"","overlay-opacity":"","overlay-gradient":""},"mobile":{"background-color":"var(--ast-global-color-5)","background-image":"","background-repeat":"repeat","background-position":"center center","background-size":"auto","background-attachment":"scroll","background-type":"","background-media":"","overlay-type":"","overlay-color":"","overlay-opacity":"","overlay-gradient":""}},"footnotes":""},"class_list":["post-2205","page","type-page","status-publish","has-post-thumbnail","hentry"],"aioseo_notices":[],"_links":{"self":[{"href":"https:\/\/paroledevie.tv\/en\/wp-json\/wp\/v2\/pages\/2205","targetHints":{"allow":["GET"]}}],"collection":[{"href":"https:\/\/paroledevie.tv\/en\/wp-json\/wp\/v2\/pages"}],"about":[{"href":"https:\/\/paroledevie.tv\/en\/wp-json\/wp\/v2\/types\/page"}],"author":[{"embeddable":true,"href":"https:\/\/paroledevie.tv\/en\/wp-json\/wp\/v2\/users\/1"}],"replies":[{"embeddable":true,"href":"https:\/\/paroledevie.tv\/en\/wp-json\/wp\/v2\/comments?post=2205"}],"version-history":[{"count":5,"href":"https:\/\/paroledevie.tv\/en\/wp-json\/wp\/v2\/pages\/2205\/revisions"}],"predecessor-version":[{"id":2216,"href":"https:\/\/paroledevie.tv\/en\/wp-json\/wp\/v2\/pages\/2205\/revisions\/2216"}],"wp:featuredmedia":[{"embeddable":true,"href":"https:\/\/paroledevie.tv\/en\/wp-json\/wp\/v2\/media\/2187"}],"wp:attachment":[{"href":"https:\/\/paroledevie.tv\/en\/wp-json\/wp\/v2\/media?parent=2205"}],"curies":[{"name":"wp","href":"https:\/\/api.w.org\/{rel}","templated":true}]}}