{"id":2201,"date":"2022-12-21T15:46:49","date_gmt":"2022-12-21T14:46:49","guid":{"rendered":"https:\/\/paroledevie.tv\/?page_id=2201"},"modified":"2022-12-21T17:12:04","modified_gmt":"2022-12-21T16:12:04","slug":"your-donations-sharing-cults","status":"publish","type":"page","link":"https:\/\/paroledevie.tv\/en\/your-donations-sharing-cults\/","title":{"rendered":"Your donations: Sharing Cults"},"content":{"rendered":"<h1>\n\t\tYour donations: Sharing Cults\n\t<\/h1>\n\t<p>Welcome to our Sharing Worship page!<\/p>\n<p>Our association aims to help the most disadvantaged people in Africa, particularly young people, orphans, battered women, prisoners and hospital patients. We believe that each and every one of us has the power to make a difference in the world, which is why we regularly organize charity actions in favor of these vulnerable groups.<\/p>\n\t\t\t\t\t\t\t\t\t<img decoding=\"async\" src=\"https:\/\/paroledevie.tv\/wp-content\/uploads\/2022\/12\/3-WhatsApp-Image-2022-10-02-at-23.33.47.jpg\" alt=\"3 WhatsApp Image 2022-10-02 at 23.33.47\" itemprop=\"image\" height=\"1008\" width=\"567\" srcset=\"https:\/\/paroledevie.tv\/wp-content\/uploads\/2022\/12\/3-WhatsApp-Image-2022-10-02-at-23.33.47.jpg 567w, https:\/\/paroledevie.tv\/wp-content\/uploads\/2022\/12\/3-WhatsApp-Image-2022-10-02-at-23.33.47-169x300.jpg 169w\" sizes=\"(max-width: 567px) 100vw, 567px\" title=\"3 WhatsApp Image 2022-10-02 at 23.33.47\" onerror=\"this.style.display='none'\"  \/>\n\t<p>The Sharing Worship is an event during which we collect monetary donations to help these people in need with gifts of food, clothing and school supplies. We believe that these simple gestures can have a considerable impact on the lives of these people, and give them a little hope in difficult times.<\/p>\n\t<form action=\"https:\/\/www.paypal.com\/donate\" method=\"post\" target=\"_top\">\n<input type=\"hidden\" name=\"hosted_button_id\" value=\"XU9VB54Q5P3P4\"\/>\n<input type=\"image\" src=\"https:\/\/www.paypalobjects.com\/en_US\/i\/btn\/btn_donateCC_LG.gif\" name=\"submit\" title=\"PayPal - The safer, easier way to pay online!\" alt=\"Donate with PayPal button\" border=\"0\"\/>\n<img decoding=\"async\" alt=\"\" src=\"https:\/\/www.paypal.com\/en_LU\/i\/scr\/pixel.gif\" width=\"1\" height=\"1\" border=\"0\"\/>\n<\/form>\n\t<p>We are very grateful for all the donations we receive, and ensure that they are used efficiently and fairly. We are also keen to be transparent about how these donations are used, which is why we publish regular reports on our website so that everyone can follow the impact of their donations.<\/p>\n\t\t\t\t\t\t\t\t<a href=\"\/en\/sharing-worship-4th-quarter-2022\/\" target=\"_self\" itemprop=\"url\" rel=\"noopener\">\n\t\t\t\t\t\t\t\t\t<img decoding=\"async\" src=\"https:\/\/paroledevie.tv\/wp-content\/uploads\/2022\/12\/13-WhatsApp-Image-2022-10-02-at-22.35.56.jpg\" alt=\"4th quarter 2022 sharing service \" itemprop=\"image\" height=\"567\" width=\"1008\" srcset=\"https:\/\/paroledevie.tv\/wp-content\/uploads\/2022\/12\/13-WhatsApp-Image-2022-10-02-at-22.35.56.jpg 1008w, https:\/\/paroledevie.tv\/wp-content\/uploads\/2022\/12\/13-WhatsApp-Image-2022-10-02-at-22.35.56-300x169.jpg 300w, https:\/\/paroledevie.tv\/wp-content\/uploads\/2022\/12\/13-WhatsApp-Image-2022-10-02-at-22.35.56-768x432.jpg 768w\" sizes=\"(max-width: 1008px) 100vw, 1008px\" title=\"13 WhatsApp Image 2022-10-02 at 22.35.56\" onerror=\"this.style.display='none'\"  \/>\n\t\t\t\t\t\t\t\t\t\t\t4th quarter 2022 sharing service \n\t\t\t\t\t\t\t\t\t\t\t\t\t<\/a>\n\t<p>We hope that many of you will take part in our sharing services and help us to bring a little comfort and well-being to the most vulnerable. Together, we can make a real difference!<\/p>","protected":false},"excerpt":{"rendered":"<p>Vos dons : Cultes de partage Bienvenue sur notre page consacr\u00e9e aux cultes de partage ! Notre association a pour but de venir en aide aux personnes les plus d\u00e9munies en Afrique, en particulier les jeunes, les orphelins, les femmes battues, les prisonniers et les malades \u00e0 l&rsquo;h\u00f4pital. Nous croyons que chacun d&rsquo;entre nous a [&hellip;]<\/p>\n","protected":false},"author":1,"featured_media":2179,"parent":0,"menu_order":0,"comment_status":"closed","ping_status":"closed","template":"","meta":{"site-sidebar-layout":"default","site-content-layout":"","ast-site-content-layout":"default","site-content-style":"default","site-sidebar-style":"default","ast-global-header-display":"","ast-banner-title-visibility":"","ast-main-header-display":"","ast-hfb-above-header-display":"","ast-hfb-below-header-display":"","ast-hfb-mobile-header-display":"","site-post-title":"disabled","ast-breadcrumbs-content":"","ast-featured-img":"disabled","footer-sml-layout":"","theme-transparent-header-meta":"","adv-header-id-meta":"","stick-header-meta":"","header-above-stick-meta":"","header-main-stick-meta":"","header-below-stick-meta":"","astra-migrate-meta-layouts":"default","ast-page-background-enabled":"default","ast-page-background-meta":{"desktop":{"background-color":"var(--ast-global-color-4)","background-image":"","background-repeat":"repeat","background-position":"center center","background-size":"auto","background-attachment":"scroll","background-type":"","background-media":"","overlay-type":"","overlay-color":"","overlay-opacity":"","overlay-gradient":""},"tablet":{"background-color":"","background-image":"","background-repeat":"repeat","background-position":"center center","background-size":"auto","background-attachment":"scroll","background-type":"","background-media":"","overlay-type":"","overlay-color":"","overlay-opacity":"","overlay-gradient":""},"mobile":{"background-color":"","background-image":"","background-repeat":"repeat","background-position":"center center","background-size":"auto","background-attachment":"scroll","background-type":"","background-media":"","overlay-type":"","overlay-color":"","overlay-opacity":"","overlay-gradient":""}},"ast-content-background-meta":{"desktop":{"background-color":"var(--ast-global-color-5)","background-image":"","background-repeat":"repeat","background-position":"center center","background-size":"auto","background-attachment":"scroll","background-type":"","background-media":"","overlay-type":"","overlay-color":"","overlay-opacity":"","overlay-gradient":""},"tablet":{"background-color":"var(--ast-global-color-5)","background-image":"","background-repeat":"repeat","background-position":"center center","background-size":"auto","background-attachment":"scroll","background-type":"","background-media":"","overlay-type":"","overlay-color":"","overlay-opacity":"","overlay-gradient":""},"mobile":{"background-color":"var(--ast-global-color-5)","background-image":"","background-repeat":"repeat","background-position":"center center","background-size":"auto","background-attachment":"scroll","background-type":"","background-media":"","overlay-type":"","overlay-color":"","overlay-opacity":"","overlay-gradient":""}},"footnotes":""},"class_list":["post-2201","page","type-page","status-publish","has-post-thumbnail","hentry"],"aioseo_notices":[],"_links":{"self":[{"href":"https:\/\/paroledevie.tv\/en\/wp-json\/wp\/v2\/pages\/2201","targetHints":{"allow":["GET"]}}],"collection":[{"href":"https:\/\/paroledevie.tv\/en\/wp-json\/wp\/v2\/pages"}],"about":[{"href":"https:\/\/paroledevie.tv\/en\/wp-json\/wp\/v2\/types\/page"}],"author":[{"embeddable":true,"href":"https:\/\/paroledevie.tv\/en\/wp-json\/wp\/v2\/users\/1"}],"replies":[{"embeddable":true,"href":"https:\/\/paroledevie.tv\/en\/wp-json\/wp\/v2\/comments?post=2201"}],"version-history":[{"count":6,"href":"https:\/\/paroledevie.tv\/en\/wp-json\/wp\/v2\/pages\/2201\/revisions"}],"predecessor-version":[{"id":2215,"href":"https:\/\/paroledevie.tv\/en\/wp-json\/wp\/v2\/pages\/2201\/revisions\/2215"}],"wp:featuredmedia":[{"embeddable":true,"href":"https:\/\/paroledevie.tv\/en\/wp-json\/wp\/v2\/media\/2179"}],"wp:attachment":[{"href":"https:\/\/paroledevie.tv\/en\/wp-json\/wp\/v2\/media?parent=2201"}],"curies":[{"name":"wp","href":"https:\/\/api.w.org\/{rel}","templated":true}]}}